{"id":7087,"date":"2023-10-26T07:07:52","date_gmt":"2023-10-26T06:07:52","guid":{"rendered":"https:\/\/emanuelenargi.com\/?page_id=7087"},"modified":"2025-01-15T22:28:34","modified_gmt":"2025-01-15T22:28:34","slug":"interprete-spanish","status":"publish","type":"page","link":"https:\/\/emanuelenargi.com\/index.php\/es\/teatro-spanish\/cartera-de-obras-de-teatro-spanish\/interprete-spanish\/","title":{"rendered":"INT\u00c9RPRETE &#8211; Spanish"},"content":{"rendered":"\t\t<div data-elementor-type=\"wp-page\" data-elementor-id=\"7087\" class=\"elementor elementor-7087\">\n\t\t\t\t<div class=\"elementor-element elementor-element-78e4c11f e-flex e-con-boxed e-con e-parent\" data-id=\"78e4c11f\" data-element_type=\"container\" data-e-type=\"container\" data-settings=\"{&quot;background_background&quot;:&quot;gradient&quot;}\">\n\t\t\t\t\t<div class=\"e-con-inner\">\n\t\t\t\t<div class=\"elementor-element elementor-element-6157673e elementor-widget__width-initial animated-slow elementor-invisible elementor-widget elementor-widget-text-editor\" data-id=\"6157673e\" data-element_type=\"widget\" data-e-type=\"widget\" data-settings=\"{&quot;_animation&quot;:&quot;fadeIn&quot;}\" data-widget_type=\"text-editor.default\">\n\t\t\t\t<div class=\"elementor-widget-container\">\n\t\t\t\t\t\t\t\t\t<p>\u00a0 \u00a0En el Festival de Teatro \u00abNAMAS n. 2\u00bb, un equipo creativo explora el viaje de la vida humana desde el nacimiento hasta la muerte en una experiencia inmersiva. Inspir\u00e1ndose en la historia y la atm\u00f3sfera del edificio de la escuela V. Bacevi\u010dius, los artistas utilizan objetos encontrados en su interior para magnificar emociones, pasiones y experiencias.<\/p>\t\t\t\t\t\t\t\t<\/div>\n\t\t\t\t<\/div>\n\t\t<div class=\"elementor-element elementor-element-159a0c14 e-con-full e-flex e-con e-child\" data-id=\"159a0c14\" data-element_type=\"container\" data-e-type=\"container\">\n\t\t\t\t<div class=\"elementor-element elementor-element-6b646135 e-transform elementor-invisible elementor-widget elementor-widget-text-editor\" data-id=\"6b646135\" data-element_type=\"widget\" data-e-type=\"widget\" data-settings=\"{&quot;_animation&quot;:&quot;fadeInDown&quot;,&quot;_transform_scale_effect_hover&quot;:{&quot;unit&quot;:&quot;px&quot;,&quot;size&quot;:1.1,&quot;sizes&quot;:[]},&quot;_transform_scale_effect_hover_tablet&quot;:{&quot;unit&quot;:&quot;px&quot;,&quot;size&quot;:&quot;&quot;,&quot;sizes&quot;:[]},&quot;_transform_scale_effect_hover_mobile&quot;:{&quot;unit&quot;:&quot;px&quot;,&quot;size&quot;:&quot;&quot;,&quot;sizes&quot;:[]}}\" data-widget_type=\"text-editor.default\">\n\t\t\t\t<div class=\"elementor-widget-container\">\n\t\t\t\t\t\t\t\t\t<p><strong><a href=\"https:\/\/projectxx1.com\/journeys\" target=\"_blank\" rel=\"noopener\">JOURNEYS <\/a><\/strong><a href=\"https:\/\/www.youtube.com\/watch?v=2DBpr4dNMtg\" target=\"_blank\" rel=\"noopener\"><em>(haga clic aqu\u00ed)<\/em><\/a><\/p><p>Kaunas, 2019<\/p>\t\t\t\t\t\t\t\t<\/div>\n\t\t\t\t<\/div>\n\t\t\t\t<div class=\"elementor-element elementor-element-6fd3a0e2 elementor-widget-mobile__width-initial elementor-widget__width-initial elementor-invisible elementor-widget elementor-widget-image\" data-id=\"6fd3a0e2\" data-element_type=\"widget\" data-e-type=\"widget\" data-settings=\"{&quot;_animation&quot;:&quot;pulse&quot;}\" data-widget_type=\"image.default\">\n\t\t\t\t<div class=\"elementor-widget-container\">\n\t\t\t\t\t\t\t\t\t\t\t\t\t\t\t<img fetchpriority=\"high\" decoding=\"async\" width=\"1024\" height=\"1024\" src=\"https:\/\/emanuelenargi.com\/wp-content\/uploads\/2023\/11\/72716552_10157546863767095_6471136532353777664_n-1024x1024.jpg\" class=\"attachment-large size-large wp-image-5190\" alt=\"\" srcset=\"https:\/\/emanuelenargi.com\/wp-content\/uploads\/2023\/11\/72716552_10157546863767095_6471136532353777664_n-1024x1024.jpg 1024w, https:\/\/emanuelenargi.com\/wp-content\/uploads\/2023\/11\/72716552_10157546863767095_6471136532353777664_n-300x300.jpg 300w, https:\/\/emanuelenargi.com\/wp-content\/uploads\/2023\/11\/72716552_10157546863767095_6471136532353777664_n-150x150.jpg 150w, https:\/\/emanuelenargi.com\/wp-content\/uploads\/2023\/11\/72716552_10157546863767095_6471136532353777664_n-768x768.jpg 768w, https:\/\/emanuelenargi.com\/wp-content\/uploads\/2023\/11\/72716552_10157546863767095_6471136532353777664_n.jpg 1365w\" sizes=\"(max-width: 1024px) 100vw, 1024px\" \/>\t\t\t\t\t\t\t\t\t\t\t\t\t\t\t<\/div>\n\t\t\t\t<\/div>\n\t\t\t\t<\/div>\n\t\t\t\t\t<\/div>\n\t\t\t\t<\/div>\n\t\t<div class=\"elementor-element elementor-element-37b7691f e-flex e-con-boxed e-con e-parent\" data-id=\"37b7691f\" data-element_type=\"container\" data-e-type=\"container\" data-settings=\"{&quot;background_background&quot;:&quot;gradient&quot;}\">\n\t\t\t\t\t<div class=\"e-con-inner\">\n\t\t<div class=\"elementor-element elementor-element-4c29c0cd e-con-full e-flex e-con e-child\" data-id=\"4c29c0cd\" data-element_type=\"container\" data-e-type=\"container\">\n\t\t\t\t<div class=\"elementor-element elementor-element-7bc300b9 e-transform elementor-invisible elementor-widget elementor-widget-text-editor\" data-id=\"7bc300b9\" data-element_type=\"widget\" data-e-type=\"widget\" data-settings=\"{&quot;_animation&quot;:&quot;fadeInDown&quot;,&quot;_transform_scale_effect_hover&quot;:{&quot;unit&quot;:&quot;px&quot;,&quot;size&quot;:1.1,&quot;sizes&quot;:[]},&quot;_transform_scale_effect_hover_tablet&quot;:{&quot;unit&quot;:&quot;px&quot;,&quot;size&quot;:&quot;&quot;,&quot;sizes&quot;:[]},&quot;_transform_scale_effect_hover_mobile&quot;:{&quot;unit&quot;:&quot;px&quot;,&quot;size&quot;:&quot;&quot;,&quot;sizes&quot;:[]}}\" data-widget_type=\"text-editor.default\">\n\t\t\t\t<div class=\"elementor-widget-container\">\n\t\t\t\t\t\t\t\t\t<p><strong><a href=\"https:\/\/www.teatrodelossentidos.com\" target=\"_blank\" rel=\"noopener\">El Hilo de Ariadna, Teatro de los Sentidos<\/a><\/strong><\/p><p><a href=\"https:\/\/www.teatrodelossentidos.com\/\" target=\"_blank\" rel=\"noopener\"><em>(haga clic aqu\u00ed)<\/em><\/a> by Enrique Vargas, 2018-2019<\/p>\t\t\t\t\t\t\t\t<\/div>\n\t\t\t\t<\/div>\n\t\t\t\t<div class=\"elementor-element elementor-element-1f35df26 elementor-widget__width-initial elementor-widget-tablet__width-initial elementor-invisible elementor-widget elementor-widget-image\" data-id=\"1f35df26\" data-element_type=\"widget\" data-e-type=\"widget\" data-settings=\"{&quot;_animation&quot;:&quot;pulse&quot;}\" data-widget_type=\"image.default\">\n\t\t\t\t<div class=\"elementor-widget-container\">\n\t\t\t\t\t\t\t\t\t\t\t\t\t\t\t<img decoding=\"async\" width=\"956\" height=\"675\" src=\"https:\/\/emanuelenargi.com\/wp-content\/uploads\/2023\/11\/419639_10150646251727095_1123301741_n-e1698849009814.jpg\" class=\"attachment-large size-large wp-image-5083\" alt=\"\" srcset=\"https:\/\/emanuelenargi.com\/wp-content\/uploads\/2023\/11\/419639_10150646251727095_1123301741_n-e1698849009814.jpg 956w, https:\/\/emanuelenargi.com\/wp-content\/uploads\/2023\/11\/419639_10150646251727095_1123301741_n-e1698849009814-300x212.jpg 300w, https:\/\/emanuelenargi.com\/wp-content\/uploads\/2023\/11\/419639_10150646251727095_1123301741_n-e1698849009814-768x542.jpg 768w\" sizes=\"(max-width: 956px) 100vw, 956px\" \/>\t\t\t\t\t\t\t\t\t\t\t\t\t\t\t<\/div>\n\t\t\t\t<\/div>\n\t\t\t\t<\/div>\n\t\t\t\t<div class=\"elementor-element elementor-element-35d17ef1 elementor-widget__width-initial animated-slow elementor-invisible elementor-widget elementor-widget-text-editor\" data-id=\"35d17ef1\" data-element_type=\"widget\" data-e-type=\"widget\" data-settings=\"{&quot;_animation&quot;:&quot;fadeIn&quot;}\" data-widget_type=\"text-editor.default\">\n\t\t\t\t<div class=\"elementor-widget-container\">\n\t\t\t\t\t\t\t\t\t<p>\u00a0 \u00a0 \u00abArriesgar es perder un poco, no arriesgar es perderlo todo\u00bb. Obra emblem\u00e1tica del Teatro de lo Sentidos.<\/p>\t\t\t\t\t\t\t\t<\/div>\n\t\t\t\t<\/div>\n\t\t\t\t\t<\/div>\n\t\t\t\t<\/div>\n\t\t<div class=\"elementor-element elementor-element-45aa2ace e-flex e-con-boxed e-con e-parent\" data-id=\"45aa2ace\" data-element_type=\"container\" data-e-type=\"container\" data-settings=\"{&quot;background_background&quot;:&quot;gradient&quot;}\">\n\t\t\t\t\t<div class=\"e-con-inner\">\n\t\t\t\t<div class=\"elementor-element elementor-element-63d7130f elementor-widget__width-initial animated-slow elementor-invisible elementor-widget elementor-widget-text-editor\" data-id=\"63d7130f\" data-element_type=\"widget\" data-e-type=\"widget\" data-settings=\"{&quot;_animation&quot;:&quot;fadeIn&quot;}\" data-widget_type=\"text-editor.default\">\n\t\t\t\t<div class=\"elementor-widget-container\">\n\t\t\t\t\t\t\t\t\t<p>\u00a0 \u00a0 \u00abAugenblick\u00bb es un pasaje a trav\u00e9s del tiempo. Un tiempo pasado, un tiempo de guerra. Papel interpretado: Ren\u00e9. Representaci\u00f3n teatral. \u2018El \u00fanico camino es hacia arriba\u2019.<\/p>\t\t\t\t\t\t\t\t<\/div>\n\t\t\t\t<\/div>\n\t\t<div class=\"elementor-element elementor-element-52bb7c63 e-con-full e-flex e-con e-child\" data-id=\"52bb7c63\" data-element_type=\"container\" data-e-type=\"container\">\n\t\t\t\t<div class=\"elementor-element elementor-element-5879a15d e-transform elementor-invisible elementor-widget elementor-widget-text-editor\" data-id=\"5879a15d\" data-element_type=\"widget\" data-e-type=\"widget\" data-settings=\"{&quot;_animation&quot;:&quot;fadeInDown&quot;,&quot;_transform_scale_effect_hover&quot;:{&quot;unit&quot;:&quot;px&quot;,&quot;size&quot;:1.1,&quot;sizes&quot;:[]},&quot;_transform_scale_effect_hover_tablet&quot;:{&quot;unit&quot;:&quot;px&quot;,&quot;size&quot;:&quot;&quot;,&quot;sizes&quot;:[]},&quot;_transform_scale_effect_hover_mobile&quot;:{&quot;unit&quot;:&quot;px&quot;,&quot;size&quot;:&quot;&quot;,&quot;sizes&quot;:[]}}\" data-widget_type=\"text-editor.default\">\n\t\t\t\t<div class=\"elementor-widget-container\">\n\t\t\t\t\t\t\t\t\t<p><strong>Augenblick \u2013 L\u2019istante del possibile\u00a0<\/strong><\/p><p>by Riccardo Brunetti, 2015<\/p>\t\t\t\t\t\t\t\t<\/div>\n\t\t\t\t<\/div>\n\t\t\t\t<div class=\"elementor-element elementor-element-4380781e elementor-invisible elementor-widget elementor-widget-image\" data-id=\"4380781e\" data-element_type=\"widget\" data-e-type=\"widget\" data-settings=\"{&quot;_animation&quot;:&quot;pulse&quot;}\" data-widget_type=\"image.default\">\n\t\t\t\t<div class=\"elementor-widget-container\">\n\t\t\t\t\t\t\t\t\t\t\t\t\t\t\t<img decoding=\"async\" width=\"1024\" height=\"768\" src=\"https:\/\/emanuelenargi.com\/wp-content\/uploads\/2023\/11\/10857293_10152976820462095_7508903584965265016_o-1024x768.jpg\" class=\"attachment-large size-large wp-image-5087\" alt=\"\" srcset=\"https:\/\/emanuelenargi.com\/wp-content\/uploads\/2023\/11\/10857293_10152976820462095_7508903584965265016_o-1024x768.jpg 1024w, https:\/\/emanuelenargi.com\/wp-content\/uploads\/2023\/11\/10857293_10152976820462095_7508903584965265016_o-300x225.jpg 300w, https:\/\/emanuelenargi.com\/wp-content\/uploads\/2023\/11\/10857293_10152976820462095_7508903584965265016_o-768x576.jpg 768w, https:\/\/emanuelenargi.com\/wp-content\/uploads\/2023\/11\/10857293_10152976820462095_7508903584965265016_o-1536x1152.jpg 1536w, https:\/\/emanuelenargi.com\/wp-content\/uploads\/2023\/11\/10857293_10152976820462095_7508903584965265016_o.jpg 1600w\" sizes=\"(max-width: 1024px) 100vw, 1024px\" \/>\t\t\t\t\t\t\t\t\t\t\t\t\t\t\t<\/div>\n\t\t\t\t<\/div>\n\t\t\t\t<\/div>\n\t\t\t\t\t<\/div>\n\t\t\t\t<\/div>\n\t\t<div class=\"elementor-element elementor-element-1c2ae30b e-flex e-con-boxed e-con e-parent\" data-id=\"1c2ae30b\" data-element_type=\"container\" data-e-type=\"container\" data-settings=\"{&quot;background_background&quot;:&quot;gradient&quot;}\">\n\t\t\t\t\t<div class=\"e-con-inner\">\n\t\t<div class=\"elementor-element elementor-element-6abaa1a2 e-con-full e-flex e-con e-child\" data-id=\"6abaa1a2\" data-element_type=\"container\" data-e-type=\"container\">\n\t\t\t\t<div class=\"elementor-element elementor-element-7d53aee0 elementor-invisible elementor-widget elementor-widget-text-editor\" data-id=\"7d53aee0\" data-element_type=\"widget\" data-e-type=\"widget\" data-settings=\"{&quot;_animation&quot;:&quot;fadeInDown&quot;}\" data-widget_type=\"text-editor.default\">\n\t\t\t\t<div class=\"elementor-widget-container\">\n\t\t\t\t\t\t\t\t\t<p><strong>Londres 2050, 4th Floor West<\/strong><\/p><p>with Glenn Hanning, 2012-2013<\/p>\t\t\t\t\t\t\t\t<\/div>\n\t\t\t\t<\/div>\n\t\t\t\t<div class=\"elementor-element elementor-element-43015021 elementor-invisible elementor-widget elementor-widget-image\" data-id=\"43015021\" data-element_type=\"widget\" data-e-type=\"widget\" data-settings=\"{&quot;_animation&quot;:&quot;pulse&quot;}\" data-widget_type=\"image.default\">\n\t\t\t\t<div class=\"elementor-widget-container\">\n\t\t\t\t\t\t\t\t\t\t\t\t\t\t\t<img loading=\"lazy\" decoding=\"async\" width=\"1024\" height=\"683\" src=\"https:\/\/emanuelenargi.com\/wp-content\/uploads\/2023\/11\/242029_10150275489647095_6530756_o-1024x683.jpg\" class=\"attachment-large size-large wp-image-5091\" alt=\"\" srcset=\"https:\/\/emanuelenargi.com\/wp-content\/uploads\/2023\/11\/242029_10150275489647095_6530756_o-1024x683.jpg 1024w, https:\/\/emanuelenargi.com\/wp-content\/uploads\/2023\/11\/242029_10150275489647095_6530756_o-300x200.jpg 300w, https:\/\/emanuelenargi.com\/wp-content\/uploads\/2023\/11\/242029_10150275489647095_6530756_o-768x512.jpg 768w, https:\/\/emanuelenargi.com\/wp-content\/uploads\/2023\/11\/242029_10150275489647095_6530756_o-1536x1024.jpg 1536w, https:\/\/emanuelenargi.com\/wp-content\/uploads\/2023\/11\/242029_10150275489647095_6530756_o.jpg 2048w\" sizes=\"(max-width: 1024px) 100vw, 1024px\" \/>\t\t\t\t\t\t\t\t\t\t\t\t\t\t\t<\/div>\n\t\t\t\t<\/div>\n\t\t\t\t<\/div>\n\t\t\t\t<div class=\"elementor-element elementor-element-3befaf3f elementor-widget__width-initial animated-slow elementor-widget-tablet__width-initial elementor-invisible elementor-widget elementor-widget-text-editor\" data-id=\"3befaf3f\" data-element_type=\"widget\" data-e-type=\"widget\" data-settings=\"{&quot;_animation&quot;:&quot;fadeIn&quot;}\" data-widget_type=\"text-editor.default\">\n\t\t\t\t<div class=\"elementor-widget-container\">\n\t\t\t\t\t\t\t\t\t<p>\u00a0 \u00a0 \u00a02050. Una representaci\u00f3n teatral que sirve de reflexi\u00f3n sobre la poscrisis. Esta producci\u00f3n \u00fanica invita al p\u00fablico a presenciar un v\u00edvido retrato de la resistencia y transformaci\u00f3n de la ciudad tras los desaf\u00edos socioecon\u00f3micos. Un viaje que invita a la reflexi\u00f3n a trav\u00e9s de las etapas de la reconstrucci\u00f3n, la renovaci\u00f3n y el esp\u00edritu indomable que define a Londres en este visionario retrato del futuro.<\/p>\t\t\t\t\t\t\t\t<\/div>\n\t\t\t\t<\/div>\n\t\t\t\t\t<\/div>\n\t\t\t\t<\/div>\n\t\t<div class=\"elementor-element elementor-element-6fb750f8 e-flex e-con-boxed e-con e-parent\" data-id=\"6fb750f8\" data-element_type=\"container\" data-e-type=\"container\" data-settings=\"{&quot;background_background&quot;:&quot;gradient&quot;}\">\n\t\t\t\t\t<div class=\"e-con-inner\">\n\t\t\t\t<div class=\"elementor-element elementor-element-faa2e12 elementor-widget__width-initial animated-slow elementor-widget-tablet__width-initial elementor-invisible elementor-widget elementor-widget-text-editor\" data-id=\"faa2e12\" data-element_type=\"widget\" data-e-type=\"widget\" data-settings=\"{&quot;_animation&quot;:&quot;fadeIn&quot;}\" data-widget_type=\"text-editor.default\">\n\t\t\t\t<div class=\"elementor-widget-container\">\n\t\t\t\t\t\t\t\t\t<p>\u00a0 \u00a0 \u00a0\u00abRaw Home Raw\u00bb, el protagonista, haci\u00e9ndose eco del eterno cuento de Pigmali\u00f3n, forja una profunda conexi\u00f3n con una estatua simb\u00f3lica. Esta enigm\u00e1tica figura sirve de conmovedor reflejo de sus ra\u00edces culturales, sus posibles relaciones, sus lazos familiares y, tal vez, incluso de sus creencias religiosas. Se sumerge en un viaje que invita a la reflexi\u00f3n, explora los entresijos de la identidad y el profundo impacto de nuestras conexiones con el mundo que nos rodea.<\/p>\t\t\t\t\t\t\t\t<\/div>\n\t\t\t\t<\/div>\n\t\t<div class=\"elementor-element elementor-element-1a17263 e-con-full e-flex e-con e-child\" data-id=\"1a17263\" data-element_type=\"container\" data-e-type=\"container\">\n\t\t\t\t<div class=\"elementor-element elementor-element-73267bd8 elementor-invisible elementor-widget elementor-widget-text-editor\" data-id=\"73267bd8\" data-element_type=\"widget\" data-e-type=\"widget\" data-settings=\"{&quot;_animation&quot;:&quot;fadeInDown&quot;}\" data-widget_type=\"text-editor.default\">\n\t\t\t\t<div class=\"elementor-widget-container\">\n\t\t\t\t\t\t\t\t\t<p><strong>Raw home Raw, Solo Performance<\/strong><\/p><p>Londres, 2012-2013<\/p>\t\t\t\t\t\t\t\t<\/div>\n\t\t\t\t<\/div>\n\t\t\t\t<div class=\"elementor-element elementor-element-37ef3440 elementor-widget__width-initial elementor-invisible elementor-widget elementor-widget-image\" data-id=\"37ef3440\" data-element_type=\"widget\" data-e-type=\"widget\" data-settings=\"{&quot;_animation&quot;:&quot;pulse&quot;}\" data-widget_type=\"image.default\">\n\t\t\t\t<div class=\"elementor-widget-container\">\n\t\t\t\t\t\t\t\t\t\t\t\t\t\t\t<img loading=\"lazy\" decoding=\"async\" width=\"720\" height=\"536\" src=\"https:\/\/emanuelenargi.com\/wp-content\/uploads\/2023\/11\/401416_10150641296972095_2117822366_n-e1698849382929.jpg\" class=\"attachment-large size-large wp-image-5095\" alt=\"\" srcset=\"https:\/\/emanuelenargi.com\/wp-content\/uploads\/2023\/11\/401416_10150641296972095_2117822366_n-e1698849382929.jpg 720w, https:\/\/emanuelenargi.com\/wp-content\/uploads\/2023\/11\/401416_10150641296972095_2117822366_n-e1698849382929-300x223.jpg 300w\" sizes=\"(max-width: 720px) 100vw, 720px\" \/>\t\t\t\t\t\t\t\t\t\t\t\t\t\t\t<\/div>\n\t\t\t\t<\/div>\n\t\t\t\t<\/div>\n\t\t\t\t\t<\/div>\n\t\t\t\t<\/div>\n\t\t<div class=\"elementor-element elementor-element-602a4597 e-flex e-con-boxed e-con e-parent\" data-id=\"602a4597\" data-element_type=\"container\" data-e-type=\"container\" data-settings=\"{&quot;background_background&quot;:&quot;gradient&quot;}\">\n\t\t\t\t\t<div class=\"e-con-inner\">\n\t\t<div class=\"elementor-element elementor-element-30476fb3 e-con-full e-flex e-con e-child\" data-id=\"30476fb3\" data-element_type=\"container\" data-e-type=\"container\">\n\t\t\t\t<div class=\"elementor-element elementor-element-41a51b78 elementor-invisible elementor-widget elementor-widget-text-editor\" data-id=\"41a51b78\" data-element_type=\"widget\" data-e-type=\"widget\" data-settings=\"{&quot;_animation&quot;:&quot;fadeInDown&quot;}\" data-widget_type=\"text-editor.default\">\n\t\t\t\t<div class=\"elementor-widget-container\">\n\t\t\t\t\t\t\t\t\t<p><strong>Senzorium, La citt\u00e0 dei Sospiri<\/strong><\/p><p>by Barbara Pia Jenic, 2008<\/p>\t\t\t\t\t\t\t\t<\/div>\n\t\t\t\t<\/div>\n\t\t\t\t<div class=\"elementor-element elementor-element-65fef122 elementor-invisible elementor-widget elementor-widget-image\" data-id=\"65fef122\" data-element_type=\"widget\" data-e-type=\"widget\" data-settings=\"{&quot;_animation&quot;:&quot;pulse&quot;}\" data-widget_type=\"image.default\">\n\t\t\t\t<div class=\"elementor-widget-container\">\n\t\t\t\t\t\t\t\t\t\t\t\t\t\t\t<img loading=\"lazy\" decoding=\"async\" width=\"640\" height=\"480\" src=\"https:\/\/emanuelenargi.com\/wp-content\/uploads\/2023\/11\/WhatsApp-Image-2023-11-01-at-16.47.55.jpeg\" class=\"attachment-large size-large wp-image-5106\" alt=\"\" srcset=\"https:\/\/emanuelenargi.com\/wp-content\/uploads\/2023\/11\/WhatsApp-Image-2023-11-01-at-16.47.55.jpeg 640w, https:\/\/emanuelenargi.com\/wp-content\/uploads\/2023\/11\/WhatsApp-Image-2023-11-01-at-16.47.55-300x225.jpeg 300w\" sizes=\"(max-width: 640px) 100vw, 640px\" \/>\t\t\t\t\t\t\t\t\t\t\t\t\t\t\t<\/div>\n\t\t\t\t<\/div>\n\t\t\t\t<\/div>\n\t\t\t\t\t<\/div>\n\t\t\t\t<\/div>\n\t\t<div class=\"elementor-element elementor-element-526a347d e-flex e-con-boxed e-con e-parent\" data-id=\"526a347d\" data-element_type=\"container\" data-e-type=\"container\" data-settings=\"{&quot;background_background&quot;:&quot;gradient&quot;}\">\n\t\t\t\t\t<div class=\"e-con-inner\">\n\t\t\t\t<div class=\"elementor-element elementor-element-600cd3c6 elementor-widget__width-initial animated-slow elementor-widget-tablet__width-initial elementor-invisible elementor-widget elementor-widget-text-editor\" data-id=\"600cd3c6\" data-element_type=\"widget\" data-e-type=\"widget\" data-settings=\"{&quot;_animation&quot;:&quot;fadeIn&quot;}\" data-widget_type=\"text-editor.default\">\n\t\t\t\t<div class=\"elementor-widget-container\">\n\t\t\t\t\t\t\t\t\t<p>\u00a0 \u00a0 \u00a0Tuve el privilegio de participar en varias producciones teatrales, entre ellas \u00abNot in my Name\u00bb, \u00abLoretta Auditorium\u00bb y \u00abSix Public Acts\u00bb con los renombrados Living Theatre Europe y Alchemical Theatre de 1998 a 2001.<\/p><p>\u00a0 \u00a0 \u00a0He sido actor en contextos muy diversos, en la calle, en antiguos cines, en centros sociales, en teatros oficiales, en teatros off y en universidades, en ciudades de toda Italia como Roma, N\u00e1poles, Salerno, Benevento, Pisa, Reggio Emilia, Bolonia, G\u00e9nova, Rocchetta Ligure y \u00c9boli.<\/p>\t\t\t\t\t\t\t\t<\/div>\n\t\t\t\t<\/div>\n\t\t<div class=\"elementor-element elementor-element-2cc397d1 e-con-full e-flex e-con e-child\" data-id=\"2cc397d1\" data-element_type=\"container\" data-e-type=\"container\">\n\t\t\t\t<div class=\"elementor-element elementor-element-f4be593 elementor-widget elementor-widget-image\" data-id=\"f4be593\" data-element_type=\"widget\" data-e-type=\"widget\" data-widget_type=\"image.default\">\n\t\t\t\t<div class=\"elementor-widget-container\">\n\t\t\t\t\t\t\t\t\t\t\t\t\t\t\t<img loading=\"lazy\" decoding=\"async\" width=\"1024\" height=\"1024\" src=\"https:\/\/emanuelenargi.com\/wp-content\/uploads\/2023\/11\/10511430_10153481315172095_7819115722836624225_o.jpg\" class=\"attachment-full size-full wp-image-5203\" alt=\"\" srcset=\"https:\/\/emanuelenargi.com\/wp-content\/uploads\/2023\/11\/10511430_10153481315172095_7819115722836624225_o.jpg 1024w, https:\/\/emanuelenargi.com\/wp-content\/uploads\/2023\/11\/10511430_10153481315172095_7819115722836624225_o-300x300.jpg 300w, https:\/\/emanuelenargi.com\/wp-content\/uploads\/2023\/11\/10511430_10153481315172095_7819115722836624225_o-150x150.jpg 150w, https:\/\/emanuelenargi.com\/wp-content\/uploads\/2023\/11\/10511430_10153481315172095_7819115722836624225_o-768x768.jpg 768w\" sizes=\"(max-width: 1024px) 100vw, 1024px\" \/>\t\t\t\t\t\t\t\t\t\t\t\t\t\t\t<\/div>\n\t\t\t\t<\/div>\n\t\t\t\t<\/div>\n\t\t\t\t\t<\/div>\n\t\t\t\t<\/div>\n\t\t\t\t<\/div>\n\t\t","protected":false},"excerpt":{"rendered":"<p>\u00a0 \u00a0En el Festival de Teatro \u00abNAMAS n. 2\u00bb, un equipo creativo explora el viaje de la vida humana desde el nacimiento hasta la muerte en una experiencia inmersiva. Inspir\u00e1ndose en la historia y la atm\u00f3sfera del edificio de la escuela V. Bacevi\u010dius, los artistas utilizan objetos encontrados en su interior para magnificar emociones, pasiones &hellip;<\/p>\n<p class=\"read-more\"> <a class=\"\" href=\"https:\/\/emanuelenargi.com\/index.php\/es\/teatro-spanish\/cartera-de-obras-de-teatro-spanish\/interprete-spanish\/\"> <span class=\"screen-reader-text\">INT\u00c9RPRETE &#8211; Spanish<\/span> Read More &raquo;<\/a><\/p>\n","protected":false},"author":1,"featured_media":0,"parent":7081,"menu_order":0,"comment_status":"closed","ping_status":"closed","template":"","meta":{"site-sidebar-layout":"no-sidebar","site-content-layout":"page-builder","ast-site-content-layout":"full-width-container","site-content-style":"unboxed","site-sidebar-style":"unboxed","ast-global-header-display":"","ast-banner-title-visibility":"","ast-main-header-display":"","ast-hfb-above-header-display":"","ast-hfb-below-header-display":"","ast-hfb-mobile-header-display":"","site-post-title":"disabled","ast-breadcrumbs-content":"","ast-featured-img":"disabled","footer-sml-layout":"","theme-transparent-header-meta":"","adv-header-id-meta":"","stick-header-meta":"","header-above-stick-meta":"","header-main-stick-meta":"","header-below-stick-meta":"","astra-migrate-meta-layouts":"set","footnotes":""},"class_list":["post-7087","page","type-page","status-publish","hentry"],"aioseo_notices":[],"_links":{"self":[{"href":"https:\/\/emanuelenargi.com\/index.php\/wp-json\/wp\/v2\/pages\/7087","targetHints":{"allow":["GET"]}}],"collection":[{"href":"https:\/\/emanuelenargi.com\/index.php\/wp-json\/wp\/v2\/pages"}],"about":[{"href":"https:\/\/emanuelenargi.com\/index.php\/wp-json\/wp\/v2\/types\/page"}],"author":[{"embeddable":true,"href":"https:\/\/emanuelenargi.com\/index.php\/wp-json\/wp\/v2\/users\/1"}],"replies":[{"embeddable":true,"href":"https:\/\/emanuelenargi.com\/index.php\/wp-json\/wp\/v2\/comments?post=7087"}],"version-history":[{"count":43,"href":"https:\/\/emanuelenargi.com\/index.php\/wp-json\/wp\/v2\/pages\/7087\/revisions"}],"predecessor-version":[{"id":10823,"href":"https:\/\/emanuelenargi.com\/index.php\/wp-json\/wp\/v2\/pages\/7087\/revisions\/10823"}],"up":[{"embeddable":true,"href":"https:\/\/emanuelenargi.com\/index.php\/wp-json\/wp\/v2\/pages\/7081"}],"wp:attachment":[{"href":"https:\/\/emanuelenargi.com\/index.php\/wp-json\/wp\/v2\/media?parent=7087"}],"curies":[{"name":"wp","href":"https:\/\/api.w.org\/{rel}","templated":true}]}}