{"id":7085,"date":"2023-10-26T07:07:52","date_gmt":"2023-10-26T06:07:52","guid":{"rendered":"https:\/\/emanuelenargi.com\/?page_id=7085"},"modified":"2025-01-15T21:51:10","modified_gmt":"2025-01-15T21:51:10","slug":"director-spanish","status":"publish","type":"page","link":"https:\/\/emanuelenargi.com\/index.php\/es\/teatro-spanish\/cartera-de-obras-de-teatro-spanish\/director-spanish\/","title":{"rendered":"DIRECTOR &#8211; Spanish"},"content":{"rendered":"\t\t<div data-elementor-type=\"wp-page\" data-elementor-id=\"7085\" class=\"elementor elementor-7085\">\n\t\t\t\t<div class=\"elementor-element elementor-element-140c3e7d e-flex e-con-boxed e-con e-parent\" data-id=\"140c3e7d\" data-element_type=\"container\" data-e-type=\"container\" data-settings=\"{&quot;background_background&quot;:&quot;gradient&quot;}\">\n\t\t\t\t\t<div class=\"e-con-inner\">\n\t\t<div class=\"elementor-element elementor-element-17ef05b7 e-con-full e-flex e-con e-child\" data-id=\"17ef05b7\" data-element_type=\"container\" data-e-type=\"container\">\n\t\t\t\t<div class=\"elementor-element elementor-element-62076396 elementor-widget__width-inherit e-transform elementor-invisible elementor-widget elementor-widget-text-editor\" data-id=\"62076396\" data-element_type=\"widget\" data-e-type=\"widget\" data-settings=\"{&quot;_animation&quot;:&quot;fadeInDown&quot;,&quot;_transform_scale_effect_hover&quot;:{&quot;unit&quot;:&quot;px&quot;,&quot;size&quot;:1.1,&quot;sizes&quot;:[]},&quot;_transform_scale_effect_hover_tablet&quot;:{&quot;unit&quot;:&quot;px&quot;,&quot;size&quot;:&quot;&quot;,&quot;sizes&quot;:[]},&quot;_transform_scale_effect_hover_mobile&quot;:{&quot;unit&quot;:&quot;px&quot;,&quot;size&quot;:&quot;&quot;,&quot;sizes&quot;:[]}}\" data-widget_type=\"text-editor.default\">\n\t\t\t\t<div class=\"elementor-widget-container\">\n\t\t\t\t\t\t\t\t\t<p><a href=\"http:\/\/www.incateatro.com\/\" target=\"_blank\" rel=\"noopener\">\u2192\u00a0<strong>PUERTAS ABIERTAS<\/strong><\/a><\/p>\t\t\t\t\t\t\t\t<\/div>\n\t\t\t\t<\/div>\n\t\t\t\t<div class=\"elementor-element elementor-element-5d793d1c elementor-widget__width-inherit elementor-invisible elementor-widget elementor-widget-image\" data-id=\"5d793d1c\" data-element_type=\"widget\" data-e-type=\"widget\" data-settings=\"{&quot;_animation&quot;:&quot;pulse&quot;}\" data-widget_type=\"image.default\">\n\t\t\t\t<div class=\"elementor-widget-container\">\n\t\t\t\t\t\t\t\t\t\t\t\t\t\t\t<img fetchpriority=\"high\" decoding=\"async\" width=\"1024\" height=\"683\" src=\"https:\/\/emanuelenargi.com\/wp-content\/uploads\/2023\/10\/Puertas_Abiertas-Fotos-@NatachaElmir-21-1024x683-1.jpg\" class=\"attachment-large size-large wp-image-4824\" alt=\"\" srcset=\"https:\/\/emanuelenargi.com\/wp-content\/uploads\/2023\/10\/Puertas_Abiertas-Fotos-@NatachaElmir-21-1024x683-1.jpg 1024w, https:\/\/emanuelenargi.com\/wp-content\/uploads\/2023\/10\/Puertas_Abiertas-Fotos-@NatachaElmir-21-1024x683-1-300x200.jpg 300w, https:\/\/emanuelenargi.com\/wp-content\/uploads\/2023\/10\/Puertas_Abiertas-Fotos-@NatachaElmir-21-1024x683-1-768x512.jpg 768w\" sizes=\"(max-width: 1024px) 100vw, 1024px\" \/>\t\t\t\t\t\t\t\t\t\t\t\t\t\t\t<\/div>\n\t\t\t\t<\/div>\n\t\t\t\t<\/div>\n\t\t\t\t<div class=\"elementor-element elementor-element-5928bc12 elementor-widget__width-initial animated-slow elementor-invisible elementor-widget elementor-widget-text-editor\" data-id=\"5928bc12\" data-element_type=\"widget\" data-e-type=\"widget\" data-settings=\"{&quot;_animation&quot;:&quot;fadeIn&quot;}\" data-widget_type=\"text-editor.default\">\n\t\t\t\t<div class=\"elementor-widget-container\">\n\t\t\t\t\t\t\t\t\t<p>\u00a0 \u00a0 \u00a0Espect\u00e1culo inmersivo que muestra din\u00e1micas de poder entre siete personajes ocurridas de manera simult\u00e1nea en 14 habitaciones de un antiguo monasterio. El p\u00fablico elige a qui\u00e9n seguir, explorando historias individuales en un espect\u00e1culo multidisciplinar que mezcla teatro f\u00edsico, performance y experiencias sensoriales, inspirado en obras de Sciascia y Kafka.<\/p>\t\t\t\t\t\t\t\t<\/div>\n\t\t\t\t<\/div>\n\t\t\t\t\t<\/div>\n\t\t\t\t<\/div>\n\t\t<div class=\"elementor-element elementor-element-7b0df364 e-flex e-con-boxed e-con e-parent\" data-id=\"7b0df364\" data-element_type=\"container\" data-e-type=\"container\" data-settings=\"{&quot;background_background&quot;:&quot;gradient&quot;}\">\n\t\t\t\t\t<div class=\"e-con-inner\">\n\t\t\t\t<div class=\"elementor-element elementor-element-2cc623d6 elementor-widget__width-initial animated-slow elementor-invisible elementor-widget elementor-widget-text-editor\" data-id=\"2cc623d6\" data-element_type=\"widget\" data-e-type=\"widget\" data-settings=\"{&quot;_animation&quot;:&quot;fadeIn&quot;}\" data-widget_type=\"text-editor.default\">\n\t\t\t\t<div class=\"elementor-widget-container\">\n\t\t\t\t\t\t\t\t\t<p>\u00a0 \u00a0 \u00a0El Banquete es un espect\u00e1culo que juega con la percepci\u00f3n y la participaci\u00f3n del p\u00fablico, revelando dos mundos inicialmente separados: uno sumido en el caos, habitado por futuros babilonios, y otro ordenado e inquietante, bajo el control de una fuerza poderosa. A medida que los dos mundos y el p\u00fablico convergen en torno a la mesa, nuestras identidades quedan claras en momentos de toma de decisiones cruciales.<\/p>\t\t\t\t\t\t\t\t<\/div>\n\t\t\t\t<\/div>\n\t\t<div class=\"elementor-element elementor-element-608792e1 e-con-full e-flex e-con e-child\" data-id=\"608792e1\" data-element_type=\"container\" data-e-type=\"container\">\n\t\t\t\t<div class=\"elementor-element elementor-element-3e9d9958 elementor-widget__width-inherit e-transform elementor-widget-tablet__width-inherit elementor-invisible elementor-widget elementor-widget-text-editor\" data-id=\"3e9d9958\" data-element_type=\"widget\" data-e-type=\"widget\" data-settings=\"{&quot;_animation&quot;:&quot;fadeInDown&quot;,&quot;_transform_scale_effect_hover&quot;:{&quot;unit&quot;:&quot;px&quot;,&quot;size&quot;:1.1,&quot;sizes&quot;:[]},&quot;_transform_scale_effect_hover_tablet&quot;:{&quot;unit&quot;:&quot;px&quot;,&quot;size&quot;:&quot;&quot;,&quot;sizes&quot;:[]},&quot;_transform_scale_effect_hover_mobile&quot;:{&quot;unit&quot;:&quot;px&quot;,&quot;size&quot;:&quot;&quot;,&quot;sizes&quot;:[]}}\" data-widget_type=\"text-editor.default\">\n\t\t\t\t<div class=\"elementor-widget-container\">\n\t\t\t\t\t\t\t\t\t<p><a href=\"https:\/\/incateatro.com\/el-banquete\/\" target=\"_blank\" rel=\"noopener\">\u2192<b> THE BANQUET<\/b><\/a><\/p>\t\t\t\t\t\t\t\t<\/div>\n\t\t\t\t<\/div>\n\t\t\t\t<div class=\"elementor-element elementor-element-2eafcc4b elementor-widget__width-initial elementor-widget-tablet__width-inherit elementor-invisible elementor-widget elementor-widget-image\" data-id=\"2eafcc4b\" data-element_type=\"widget\" data-e-type=\"widget\" data-settings=\"{&quot;_animation&quot;:&quot;pulse&quot;}\" data-widget_type=\"image.default\">\n\t\t\t\t<div class=\"elementor-widget-container\">\n\t\t\t\t\t\t\t\t\t\t\t\t\t\t\t<img decoding=\"async\" width=\"1024\" height=\"682\" src=\"https:\/\/emanuelenargi.com\/wp-content\/uploads\/2023\/10\/dsc_5263-scaled-1-1024x682.webp\" class=\"attachment-large size-large wp-image-4816\" alt=\"\" srcset=\"https:\/\/emanuelenargi.com\/wp-content\/uploads\/2023\/10\/dsc_5263-scaled-1-1024x682.webp 1024w, https:\/\/emanuelenargi.com\/wp-content\/uploads\/2023\/10\/dsc_5263-scaled-1-300x200.webp 300w, https:\/\/emanuelenargi.com\/wp-content\/uploads\/2023\/10\/dsc_5263-scaled-1-768x512.webp 768w, https:\/\/emanuelenargi.com\/wp-content\/uploads\/2023\/10\/dsc_5263-scaled-1-1536x1024.webp 1536w, https:\/\/emanuelenargi.com\/wp-content\/uploads\/2023\/10\/dsc_5263-scaled-1-2048x1365.webp 2048w\" sizes=\"(max-width: 1024px) 100vw, 1024px\" \/>\t\t\t\t\t\t\t\t\t\t\t\t\t\t\t<\/div>\n\t\t\t\t<\/div>\n\t\t\t\t<\/div>\n\t\t\t\t\t<\/div>\n\t\t\t\t<\/div>\n\t\t<div class=\"elementor-element elementor-element-699c58dd e-flex e-con-boxed e-con e-parent\" data-id=\"699c58dd\" data-element_type=\"container\" data-e-type=\"container\" data-settings=\"{&quot;background_background&quot;:&quot;gradient&quot;}\">\n\t\t\t\t\t<div class=\"e-con-inner\">\n\t\t<div class=\"elementor-element elementor-element-550db6a8 e-con-full e-flex e-con e-child\" data-id=\"550db6a8\" data-element_type=\"container\" data-e-type=\"container\">\n\t\t\t\t<div class=\"elementor-element elementor-element-41ffad0d elementor-widget__width-initial e-transform elementor-invisible elementor-widget elementor-widget-text-editor\" data-id=\"41ffad0d\" data-element_type=\"widget\" data-e-type=\"widget\" data-settings=\"{&quot;_animation&quot;:&quot;fadeInDown&quot;,&quot;_transform_scale_effect_hover&quot;:{&quot;unit&quot;:&quot;px&quot;,&quot;size&quot;:1.1,&quot;sizes&quot;:[]},&quot;_transform_scale_effect_hover_tablet&quot;:{&quot;unit&quot;:&quot;px&quot;,&quot;size&quot;:&quot;&quot;,&quot;sizes&quot;:[]},&quot;_transform_scale_effect_hover_mobile&quot;:{&quot;unit&quot;:&quot;px&quot;,&quot;size&quot;:&quot;&quot;,&quot;sizes&quot;:[]}}\" data-widget_type=\"text-editor.default\">\n\t\t\t\t<div class=\"elementor-widget-container\">\n\t\t\t\t\t\t\t\t\t<p><a href=\"https:\/\/terre-moto.wixsite.com\/terremotoo\/all-cats-are-beautifull-acab\" target=\"_blank\" rel=\"noopener\">\u2192<b> ALL CATS ARE BEAUTIFUL<\/b><\/a><\/p>\t\t\t\t\t\t\t\t<\/div>\n\t\t\t\t<\/div>\n\t\t\t\t<div class=\"elementor-element elementor-element-79ddc03f elementor-widget__width-initial elementor-widget-tablet__width-inherit elementor-invisible elementor-widget elementor-widget-image\" data-id=\"79ddc03f\" data-element_type=\"widget\" data-e-type=\"widget\" data-settings=\"{&quot;_animation&quot;:&quot;pulse&quot;}\" data-widget_type=\"image.default\">\n\t\t\t\t<div class=\"elementor-widget-container\">\n\t\t\t\t\t\t\t\t\t\t\t\t\t\t\t<img decoding=\"async\" width=\"1024\" height=\"683\" src=\"https:\/\/emanuelenargi.com\/wp-content\/uploads\/2023\/10\/64732879_2332616670350202_1841050513253072896_o-1-1024x683.jpg\" class=\"attachment-large size-large wp-image-4602\" alt=\"\" srcset=\"https:\/\/emanuelenargi.com\/wp-content\/uploads\/2023\/10\/64732879_2332616670350202_1841050513253072896_o-1-1024x683.jpg 1024w, https:\/\/emanuelenargi.com\/wp-content\/uploads\/2023\/10\/64732879_2332616670350202_1841050513253072896_o-1-300x200.jpg 300w, https:\/\/emanuelenargi.com\/wp-content\/uploads\/2023\/10\/64732879_2332616670350202_1841050513253072896_o-1-768x512.jpg 768w, https:\/\/emanuelenargi.com\/wp-content\/uploads\/2023\/10\/64732879_2332616670350202_1841050513253072896_o-1-1536x1024.jpg 1536w, https:\/\/emanuelenargi.com\/wp-content\/uploads\/2023\/10\/64732879_2332616670350202_1841050513253072896_o-1.jpg 2048w\" sizes=\"(max-width: 1024px) 100vw, 1024px\" \/>\t\t\t\t\t\t\t\t\t\t\t\t\t\t\t<\/div>\n\t\t\t\t<\/div>\n\t\t\t\t<\/div>\n\t\t\t\t<div class=\"elementor-element elementor-element-30256365 elementor-widget__width-initial animated-slow elementor-invisible elementor-widget elementor-widget-text-editor\" data-id=\"30256365\" data-element_type=\"widget\" data-e-type=\"widget\" data-settings=\"{&quot;_animation&quot;:&quot;fadeIn&quot;}\" data-widget_type=\"text-editor.default\">\n\t\t\t\t<div class=\"elementor-widget-container\">\n\t\t\t\t\t\t\t\t\t<p>\u00a0 \u00a0 \u00a0El espect\u00e1culo aborda la necesidad de reflexionar sobre la condici\u00f3n del trabajo sexual desde una perspectiva amplia y po\u00e9tica. All Cats Are Beautiful hace accesibles al p\u00fablico narrativas habitualmente silenciadas por tab\u00faes sociales, moralismo, intereses socioecon\u00f3micos y estigmatizaciones.\u00a0<\/p>\t\t\t\t\t\t\t\t<\/div>\n\t\t\t\t<\/div>\n\t\t\t\t\t<\/div>\n\t\t\t\t<\/div>\n\t\t<div class=\"elementor-element elementor-element-74e0930c e-flex e-con-boxed e-con e-parent\" data-id=\"74e0930c\" data-element_type=\"container\" data-e-type=\"container\" data-settings=\"{&quot;background_background&quot;:&quot;gradient&quot;}\">\n\t\t\t\t\t<div class=\"e-con-inner\">\n\t\t\t\t<div class=\"elementor-element elementor-element-fcbfa63 elementor-widget__width-initial animated-slow elementor-widget-tablet__width-initial elementor-invisible elementor-widget elementor-widget-text-editor\" data-id=\"fcbfa63\" data-element_type=\"widget\" data-e-type=\"widget\" data-settings=\"{&quot;_animation&quot;:&quot;fadeIn&quot;}\" data-widget_type=\"text-editor.default\">\n\t\t\t\t<div class=\"elementor-widget-container\">\n\t\t\t\t\t\t\t\t\t<p>\u00a0 \u00a0 \u00a0Compa\u00f1\u00eda de teatro inmersivo. Experiencia teatral inspirada libremente en \u00abEl Castillo\u00bb de Franz Kafka.<\/p>\t\t\t\t\t\t\t\t<\/div>\n\t\t\t\t<\/div>\n\t\t<div class=\"elementor-element elementor-element-f7f9c7f e-con-full e-flex e-con e-child\" data-id=\"f7f9c7f\" data-element_type=\"container\" data-e-type=\"container\">\n\t\t\t\t<div class=\"elementor-element elementor-element-63e30bf0 e-transform elementor-widget-tablet__width-initial elementor-invisible elementor-widget elementor-widget-text-editor\" data-id=\"63e30bf0\" data-element_type=\"widget\" data-e-type=\"widget\" data-settings=\"{&quot;_animation&quot;:&quot;fadeInDown&quot;,&quot;_transform_scale_effect_hover&quot;:{&quot;unit&quot;:&quot;px&quot;,&quot;size&quot;:1.1,&quot;sizes&quot;:[]},&quot;_transform_scale_effect_hover_tablet&quot;:{&quot;unit&quot;:&quot;px&quot;,&quot;size&quot;:&quot;&quot;,&quot;sizes&quot;:[]},&quot;_transform_scale_effect_hover_mobile&quot;:{&quot;unit&quot;:&quot;px&quot;,&quot;size&quot;:&quot;&quot;,&quot;sizes&quot;:[]}}\" data-widget_type=\"text-editor.default\">\n\t\t\t\t<div class=\"elementor-widget-container\">\n\t\t\t\t\t\t\t\t\t<p><a href=\"https:\/\/terre-moto.wixsite.com\/terremoto-english\" target=\"_blank\" rel=\"noopener\">\u2192 <b>TERREMOTO<\/b><\/a><\/p>\t\t\t\t\t\t\t\t<\/div>\n\t\t\t\t<\/div>\n\t\t\t\t<div class=\"elementor-element elementor-element-668e711b elementor-widget-tablet__width-initial elementor-invisible elementor-widget elementor-widget-image\" data-id=\"668e711b\" data-element_type=\"widget\" data-e-type=\"widget\" data-settings=\"{&quot;_animation&quot;:&quot;pulse&quot;}\" data-widget_type=\"image.default\">\n\t\t\t\t<div class=\"elementor-widget-container\">\n\t\t\t\t\t\t\t\t\t\t\t\t\t\t\t<img loading=\"lazy\" decoding=\"async\" width=\"1024\" height=\"614\" src=\"https:\/\/emanuelenargi.com\/wp-content\/uploads\/2023\/10\/Screenshot-2023-10-26-at-11.00.50-e1698307511589-1024x614.png\" class=\"attachment-large size-large wp-image-4832\" alt=\"\" srcset=\"https:\/\/emanuelenargi.com\/wp-content\/uploads\/2023\/10\/Screenshot-2023-10-26-at-11.00.50-e1698307511589-1024x614.png 1024w, https:\/\/emanuelenargi.com\/wp-content\/uploads\/2023\/10\/Screenshot-2023-10-26-at-11.00.50-e1698307511589-300x180.png 300w, https:\/\/emanuelenargi.com\/wp-content\/uploads\/2023\/10\/Screenshot-2023-10-26-at-11.00.50-e1698307511589-768x461.png 768w, https:\/\/emanuelenargi.com\/wp-content\/uploads\/2023\/10\/Screenshot-2023-10-26-at-11.00.50-e1698307511589-1536x922.png 1536w, https:\/\/emanuelenargi.com\/wp-content\/uploads\/2023\/10\/Screenshot-2023-10-26-at-11.00.50-e1698307511589-2048x1229.png 2048w\" sizes=\"(max-width: 1024px) 100vw, 1024px\" \/>\t\t\t\t\t\t\t\t\t\t\t\t\t\t\t<\/div>\n\t\t\t\t<\/div>\n\t\t\t\t<\/div>\n\t\t\t\t\t<\/div>\n\t\t\t\t<\/div>\n\t\t<div class=\"elementor-element elementor-element-23f21bea e-flex e-con-boxed e-con e-parent\" data-id=\"23f21bea\" data-element_type=\"container\" data-e-type=\"container\" data-settings=\"{&quot;background_background&quot;:&quot;gradient&quot;}\">\n\t\t\t\t\t<div class=\"e-con-inner\">\n\t\t<div class=\"elementor-element elementor-element-4e083c8 e-con-full e-flex e-con e-child\" data-id=\"4e083c8\" data-element_type=\"container\" data-e-type=\"container\">\n\t\t\t\t<div class=\"elementor-element elementor-element-4f113f3a elementor-widget__width-initial e-transform elementor-invisible elementor-widget elementor-widget-text-editor\" data-id=\"4f113f3a\" data-element_type=\"widget\" data-e-type=\"widget\" data-settings=\"{&quot;_animation&quot;:&quot;fadeInDown&quot;,&quot;_transform_scale_effect_hover&quot;:{&quot;unit&quot;:&quot;px&quot;,&quot;size&quot;:1.1,&quot;sizes&quot;:[]},&quot;_transform_scale_effect_hover_tablet&quot;:{&quot;unit&quot;:&quot;px&quot;,&quot;size&quot;:&quot;&quot;,&quot;sizes&quot;:[]},&quot;_transform_scale_effect_hover_mobile&quot;:{&quot;unit&quot;:&quot;px&quot;,&quot;size&quot;:&quot;&quot;,&quot;sizes&quot;:[]}}\" data-widget_type=\"text-editor.default\">\n\t\t\t\t<div class=\"elementor-widget-container\">\n\t\t\t\t\t\t\t\t\t<p>\u2192<b> IN <a href=\"https:\/\/www.youtube.com\/watch?v=JGUiHtcjpPs\">GRIVITA<\/a><\/b><\/p>\t\t\t\t\t\t\t\t<\/div>\n\t\t\t\t<\/div>\n\t\t\t\t<div class=\"elementor-element elementor-element-6fe27fe2 elementor-invisible elementor-widget elementor-widget-image\" data-id=\"6fe27fe2\" data-element_type=\"widget\" data-e-type=\"widget\" data-settings=\"{&quot;_animation&quot;:&quot;pulse&quot;}\" data-widget_type=\"image.default\">\n\t\t\t\t<div class=\"elementor-widget-container\">\n\t\t\t\t\t\t\t\t\t\t\t\t\t\t\t<img loading=\"lazy\" decoding=\"async\" width=\"1024\" height=\"633\" src=\"https:\/\/emanuelenargi.com\/wp-content\/uploads\/2023\/10\/Screenshot-2023-10-26-at-11.17.42-1024x633.png\" class=\"attachment-large size-large wp-image-4840\" alt=\"\" srcset=\"https:\/\/emanuelenargi.com\/wp-content\/uploads\/2023\/10\/Screenshot-2023-10-26-at-11.17.42-1024x633.png 1024w, https:\/\/emanuelenargi.com\/wp-content\/uploads\/2023\/10\/Screenshot-2023-10-26-at-11.17.42-300x185.png 300w, https:\/\/emanuelenargi.com\/wp-content\/uploads\/2023\/10\/Screenshot-2023-10-26-at-11.17.42-768x475.png 768w, https:\/\/emanuelenargi.com\/wp-content\/uploads\/2023\/10\/Screenshot-2023-10-26-at-11.17.42-1536x949.png 1536w, https:\/\/emanuelenargi.com\/wp-content\/uploads\/2023\/10\/Screenshot-2023-10-26-at-11.17.42-2048x1266.png 2048w\" sizes=\"(max-width: 1024px) 100vw, 1024px\" \/>\t\t\t\t\t\t\t\t\t\t\t\t\t\t\t<\/div>\n\t\t\t\t<\/div>\n\t\t\t\t<\/div>\n\t\t\t\t<div class=\"elementor-element elementor-element-34251541 elementor-widget__width-initial animated-slow elementor-widget-tablet__width-initial elementor-invisible elementor-widget elementor-widget-text-editor\" data-id=\"34251541\" data-element_type=\"widget\" data-e-type=\"widget\" data-settings=\"{&quot;_animation&quot;:&quot;fadeIn&quot;}\" data-widget_type=\"text-editor.default\">\n\t\t\t\t<div class=\"elementor-widget-container\">\n\t\t\t\t\t\t\t\t\t<p>\u00a0 \u00a0 \u00a0El proyecto \u00ab\u00een Grivita\u00bb document\u00f3 historias en el barrio Calea Grivitei de Bucarest, dando lugar a una representaci\u00f3n inmersiva a la que asistieron m\u00e1s de 500 espectadores, celebrada en la calle y en el local \u00abJ\u2019ai Bistrot\u00bb.<\/p>\t\t\t\t\t\t\t\t<\/div>\n\t\t\t\t<\/div>\n\t\t\t\t\t<\/div>\n\t\t\t\t<\/div>\n\t\t<div class=\"elementor-element elementor-element-70f657d3 e-flex e-con-boxed e-con e-parent\" data-id=\"70f657d3\" data-element_type=\"container\" data-e-type=\"container\" data-settings=\"{&quot;background_background&quot;:&quot;gradient&quot;}\">\n\t\t\t\t\t<div class=\"e-con-inner\">\n\t\t\t\t<div class=\"elementor-element elementor-element-2a7e1ce4 elementor-widget__width-initial animated-slow elementor-widget-tablet__width-initial elementor-invisible elementor-widget elementor-widget-text-editor\" data-id=\"2a7e1ce4\" data-element_type=\"widget\" data-e-type=\"widget\" data-settings=\"{&quot;_animation&quot;:&quot;fadeIn&quot;}\" data-widget_type=\"text-editor.default\">\n\t\t\t\t<div class=\"elementor-widget-container\">\n\t\t\t\t\t\t\t\t\t<p>\u00a0 \u00a0 Representaciones teatrales inmersivas que exploran el impacto del desempleo en la salud mental, inspir\u00e1ndose en \u00abLocura y civilizaci\u00f3n\u00bb de Foucault. Ambientada en un barco que navega a trav\u00e9s de periodos hist\u00f3ricos, desde la Edad Media hasta las crisis econ\u00f3micas modernas, la obra ahonda en los retos de la sociedad, pregunt\u00e1ndose qu\u00e9 lecciones pueden extraerse de las horas m\u00e1s oscuras de Europa.<\/p>\t\t\t\t\t\t\t\t<\/div>\n\t\t\t\t<\/div>\n\t\t<div class=\"elementor-element elementor-element-35c923cc e-con-full e-flex e-con e-child\" data-id=\"35c923cc\" data-element_type=\"container\" data-e-type=\"container\">\n\t\t\t\t<div class=\"elementor-element elementor-element-17abb282 e-transform elementor-widget-tablet__width-initial elementor-invisible elementor-widget elementor-widget-text-editor\" data-id=\"17abb282\" data-element_type=\"widget\" data-e-type=\"widget\" data-settings=\"{&quot;_animation&quot;:&quot;fadeInDown&quot;,&quot;_transform_scale_effect_hover&quot;:{&quot;unit&quot;:&quot;px&quot;,&quot;size&quot;:1.1,&quot;sizes&quot;:[]},&quot;_transform_scale_effect_hover_tablet&quot;:{&quot;unit&quot;:&quot;px&quot;,&quot;size&quot;:&quot;&quot;,&quot;sizes&quot;:[]},&quot;_transform_scale_effect_hover_mobile&quot;:{&quot;unit&quot;:&quot;px&quot;,&quot;size&quot;:&quot;&quot;,&quot;sizes&quot;:[]}}\" data-widget_type=\"text-editor.default\">\n\t\t\t\t<div class=\"elementor-widget-container\">\n\t\t\t\t\t\t\t\t\t<p><a href=\"https:\/\/www.youtube.com\/@incauk7679\" target=\"_blank\" rel=\"noopener\">\u2192<\/a><strong><a href=\"https:\/\/www.youtube.com\/@incauk7679\" target=\"_blank\" rel=\"noopener\"> p45 &amp; SHIP OF FOOLS<\/a><\/strong><\/p>\t\t\t\t\t\t\t\t<\/div>\n\t\t\t\t<\/div>\n\t\t\t\t<div class=\"elementor-element elementor-element-5f8f12aa elementor-widget__width-inherit elementor-invisible elementor-widget elementor-widget-image\" data-id=\"5f8f12aa\" data-element_type=\"widget\" data-e-type=\"widget\" data-settings=\"{&quot;_animation&quot;:&quot;pulse&quot;}\" data-widget_type=\"image.default\">\n\t\t\t\t<div class=\"elementor-widget-container\">\n\t\t\t\t\t\t\t\t\t\t\t\t\t\t\t<img loading=\"lazy\" decoding=\"async\" width=\"1024\" height=\"393\" src=\"https:\/\/emanuelenargi.com\/wp-content\/uploads\/2023\/11\/IMG_0006-1024x393.jpeg\" class=\"attachment-large size-large wp-image-5144\" alt=\"\" srcset=\"https:\/\/emanuelenargi.com\/wp-content\/uploads\/2023\/11\/IMG_0006-1024x393.jpeg 1024w, https:\/\/emanuelenargi.com\/wp-content\/uploads\/2023\/11\/IMG_0006-300x115.jpeg 300w, https:\/\/emanuelenargi.com\/wp-content\/uploads\/2023\/11\/IMG_0006-768x295.jpeg 768w, https:\/\/emanuelenargi.com\/wp-content\/uploads\/2023\/11\/IMG_0006-1536x589.jpeg 1536w, https:\/\/emanuelenargi.com\/wp-content\/uploads\/2023\/11\/IMG_0006-2048x785.jpeg 2048w\" sizes=\"(max-width: 1024px) 100vw, 1024px\" \/>\t\t\t\t\t\t\t\t\t\t\t\t\t\t\t<\/div>\n\t\t\t\t<\/div>\n\t\t\t\t<\/div>\n\t\t\t\t\t<\/div>\n\t\t\t\t<\/div>\n\t\t\t\t<\/div>\n\t\t","protected":false},"excerpt":{"rendered":"<p>\u2192\u00a0PUERTAS ABIERTAS \u00a0 \u00a0 \u00a0Espect\u00e1culo inmersivo que muestra din\u00e1micas de poder entre siete personajes ocurridas de manera simult\u00e1nea en 14 habitaciones de un antiguo monasterio. El p\u00fablico elige a qui\u00e9n seguir, explorando historias individuales en un espect\u00e1culo multidisciplinar que mezcla teatro f\u00edsico, performance y experiencias sensoriales, inspirado en obras de Sciascia y Kafka. \u00a0 \u00a0 &hellip;<\/p>\n<p class=\"read-more\"> <a class=\"\" href=\"https:\/\/emanuelenargi.com\/index.php\/es\/teatro-spanish\/cartera-de-obras-de-teatro-spanish\/director-spanish\/\"> <span class=\"screen-reader-text\">DIRECTOR &#8211; Spanish<\/span> Read More &raquo;<\/a><\/p>\n","protected":false},"author":1,"featured_media":0,"parent":7081,"menu_order":0,"comment_status":"closed","ping_status":"closed","template":"","meta":{"site-sidebar-layout":"no-sidebar","site-content-layout":"page-builder","ast-site-content-layout":"full-width-container","site-content-style":"unboxed","site-sidebar-style":"unboxed","ast-global-header-display":"","ast-banner-title-visibility":"","ast-main-header-display":"","ast-hfb-above-header-display":"","ast-hfb-below-header-display":"","ast-hfb-mobile-header-display":"","site-post-title":"disabled","ast-breadcrumbs-content":"","ast-featured-img":"disabled","footer-sml-layout":"","theme-transparent-header-meta":"","adv-header-id-meta":"","stick-header-meta":"","header-above-stick-meta":"","header-main-stick-meta":"","header-below-stick-meta":"","astra-migrate-meta-layouts":"set","footnotes":""},"class_list":["post-7085","page","type-page","status-publish","hentry"],"aioseo_notices":[],"_links":{"self":[{"href":"https:\/\/emanuelenargi.com\/index.php\/wp-json\/wp\/v2\/pages\/7085","targetHints":{"allow":["GET"]}}],"collection":[{"href":"https:\/\/emanuelenargi.com\/index.php\/wp-json\/wp\/v2\/pages"}],"about":[{"href":"https:\/\/emanuelenargi.com\/index.php\/wp-json\/wp\/v2\/types\/page"}],"author":[{"embeddable":true,"href":"https:\/\/emanuelenargi.com\/index.php\/wp-json\/wp\/v2\/users\/1"}],"replies":[{"embeddable":true,"href":"https:\/\/emanuelenargi.com\/index.php\/wp-json\/wp\/v2\/comments?post=7085"}],"version-history":[{"count":79,"href":"https:\/\/emanuelenargi.com\/index.php\/wp-json\/wp\/v2\/pages\/7085\/revisions"}],"predecessor-version":[{"id":10796,"href":"https:\/\/emanuelenargi.com\/index.php\/wp-json\/wp\/v2\/pages\/7085\/revisions\/10796"}],"up":[{"embeddable":true,"href":"https:\/\/emanuelenargi.com\/index.php\/wp-json\/wp\/v2\/pages\/7081"}],"wp:attachment":[{"href":"https:\/\/emanuelenargi.com\/index.php\/wp-json\/wp\/v2\/media?parent=7085"}],"curies":[{"name":"wp","href":"https:\/\/api.w.org\/{rel}","templated":true}]}}