{"id":7083,"date":"2023-10-25T19:01:36","date_gmt":"2023-10-25T18:01:36","guid":{"rendered":"https:\/\/emanuelenargi.com\/?page_id=7083"},"modified":"2023-12-06T19:43:12","modified_gmt":"2023-12-06T19:43:12","slug":"propuestas-teatro-spanish","status":"publish","type":"page","link":"https:\/\/emanuelenargi.com\/index.php\/es\/teatro-spanish\/propuestas-teatro-spanish\/","title":{"rendered":"PROPUESTAS TEATRO &#8211; Spanish"},"content":{"rendered":"\t\t<div data-elementor-type=\"wp-page\" data-elementor-id=\"7083\" class=\"elementor elementor-7083\">\n\t\t\t\t<div class=\"elementor-element elementor-element-c921160 e-flex e-con-boxed e-con e-parent\" data-id=\"c921160\" data-element_type=\"container\" data-e-type=\"container\" data-settings=\"{&quot;background_background&quot;:&quot;gradient&quot;}\">\n\t\t\t\t\t<div class=\"e-con-inner\">\n\t\t<div class=\"elementor-element elementor-element-af9fe41 e-con-full e-flex e-con e-child\" data-id=\"af9fe41\" data-element_type=\"container\" data-e-type=\"container\">\n\t\t\t\t<div class=\"elementor-element elementor-element-b108ad7 animated-slow elementor-invisible elementor-widget elementor-widget-image\" data-id=\"b108ad7\" data-element_type=\"widget\" data-e-type=\"widget\" data-settings=\"{&quot;_animation&quot;:&quot;fadeInLeft&quot;}\" data-widget_type=\"image.default\">\n\t\t\t\t<div class=\"elementor-widget-container\">\n\t\t\t\t\t\t\t\t\t\t\t\t<figure class=\"wp-caption\">\n\t\t\t\t\t\t\t\t\t\t<img fetchpriority=\"high\" decoding=\"async\" width=\"2048\" height=\"1365\" src=\"https:\/\/emanuelenargi.com\/wp-content\/uploads\/2023\/11\/66577358_2313483992248482_3266098594523906048_n-1.jpg\" class=\"attachment-full size-full wp-image-5211\" alt=\"\" srcset=\"https:\/\/emanuelenargi.com\/wp-content\/uploads\/2023\/11\/66577358_2313483992248482_3266098594523906048_n-1.jpg 2048w, https:\/\/emanuelenargi.com\/wp-content\/uploads\/2023\/11\/66577358_2313483992248482_3266098594523906048_n-1-300x200.jpg 300w, https:\/\/emanuelenargi.com\/wp-content\/uploads\/2023\/11\/66577358_2313483992248482_3266098594523906048_n-1-1024x683.jpg 1024w, https:\/\/emanuelenargi.com\/wp-content\/uploads\/2023\/11\/66577358_2313483992248482_3266098594523906048_n-1-768x512.jpg 768w, https:\/\/emanuelenargi.com\/wp-content\/uploads\/2023\/11\/66577358_2313483992248482_3266098594523906048_n-1-1536x1024.jpg 1536w\" sizes=\"(max-width: 2048px) 100vw, 2048px\" \/>\t\t\t\t\t\t\t\t\t\t\t<figcaption class=\"widget-image-caption wp-caption-text\">Journeys, 2019<\/figcaption>\n\t\t\t\t\t\t\t\t\t\t<\/figure>\n\t\t\t\t\t\t\t\t\t<\/div>\n\t\t\t\t<\/div>\n\t\t\t\t<\/div>\n\t\t<div class=\"elementor-element elementor-element-aaec339 e-con-full e-flex e-con e-child\" data-id=\"aaec339\" data-element_type=\"container\" data-e-type=\"container\">\n\t\t\t\t<div class=\"elementor-element elementor-element-51ff2f2 elementor-invisible elementor-widget elementor-widget-text-editor\" data-id=\"51ff2f2\" data-element_type=\"widget\" data-e-type=\"widget\" data-settings=\"{&quot;_animation&quot;:&quot;fadeInDown&quot;}\" data-widget_type=\"text-editor.default\">\n\t\t\t\t<div class=\"elementor-widget-container\">\n\t\t\t\t\t\t\t\t\t<p><strong>PROPUESTAS<\/strong><\/p>\t\t\t\t\t\t\t\t<\/div>\n\t\t\t\t<\/div>\n\t\t\t\t<div class=\"elementor-element elementor-element-711e096 elementor-invisible elementor-widget elementor-widget-toggle\" data-id=\"711e096\" data-element_type=\"widget\" data-e-type=\"widget\" data-settings=\"{&quot;_animation&quot;:&quot;fadeInUp&quot;}\" data-widget_type=\"toggle.default\">\n\t\t\t\t<div class=\"elementor-widget-container\">\n\t\t\t\t\t\t\t<div class=\"elementor-toggle\">\n\t\t\t\t\t\t\t<div class=\"elementor-toggle-item\">\n\t\t\t\t\t<div id=\"elementor-tab-title-1181\" class=\"elementor-tab-title\" data-tab=\"1\" role=\"button\" aria-controls=\"elementor-tab-content-1181\" aria-expanded=\"false\">\n\t\t\t\t\t\t\t\t\t\t\t\t<span class=\"elementor-toggle-icon elementor-toggle-icon-left\" aria-hidden=\"true\">\n\t\t\t\t\t\t\t\t\t\t\t\t\t\t\t<span class=\"elementor-toggle-icon-closed\"><i class=\"fas fa-caret-right\"><\/i><\/span>\n\t\t\t\t\t\t\t\t<span class=\"elementor-toggle-icon-opened\"><i class=\"elementor-toggle-icon-opened fas fa-caret-up\"><\/i><\/span>\n\t\t\t\t\t\t\t\t\t\t\t\t\t<\/span>\n\t\t\t\t\t\t\t\t\t\t\t\t<a class=\"elementor-toggle-title\" tabindex=\"0\">Teatro \/ Espect\u00e1culos - colaboraciones<\/a>\n\t\t\t\t\t<\/div>\n\n\t\t\t\t\t<div id=\"elementor-tab-content-1181\" class=\"elementor-tab-content elementor-clearfix\" data-tab=\"1\" role=\"region\" aria-labelledby=\"elementor-tab-title-1181\"><p>Colaboro con particulares, empresas y organizaciones para crear conceptos y po\u00e9ticas singulares de acuerdo a las condiciones de los sitios.<\/p><p><br \/>Si tienes acceso o eres propietario de un barco, un local, un teatro de cualquier formato, un albergue, un antiguo monasterio, una escuela o cualquier otra infraestructura disponible, te invito a que te pongas en contacto conmigo, tanto si tienes una visi\u00f3n clara como si s\u00f3lo tienes la semilla de una idea que te gustar\u00eda hacer realidad: info@emanuelenargi.com<\/p><\/div>\n\t\t\t\t<\/div>\n\t\t\t\t\t\t\t<div class=\"elementor-toggle-item\">\n\t\t\t\t\t<div id=\"elementor-tab-title-1182\" class=\"elementor-tab-title\" data-tab=\"2\" role=\"button\" aria-controls=\"elementor-tab-content-1182\" aria-expanded=\"false\">\n\t\t\t\t\t\t\t\t\t\t\t\t<span class=\"elementor-toggle-icon elementor-toggle-icon-left\" aria-hidden=\"true\">\n\t\t\t\t\t\t\t\t\t\t\t\t\t\t\t<span class=\"elementor-toggle-icon-closed\"><i class=\"fas fa-caret-right\"><\/i><\/span>\n\t\t\t\t\t\t\t\t<span class=\"elementor-toggle-icon-opened\"><i class=\"elementor-toggle-icon-opened fas fa-caret-up\"><\/i><\/span>\n\t\t\t\t\t\t\t\t\t\t\t\t\t<\/span>\n\t\t\t\t\t\t\t\t\t\t\t\t<a class=\"elementor-toggle-title\" tabindex=\"0\">INCA Teatro<\/a>\n\t\t\t\t\t<\/div>\n\n\t\t\t\t\t<div id=\"elementor-tab-content-1182\" class=\"elementor-tab-content elementor-clearfix\" data-tab=\"2\" role=\"region\" aria-labelledby=\"elementor-tab-title-1182\"><p><span style=\"font-weight: 400;\">Soy codirector de INCA Teatro. Para saber m\u00e1s sobre nosotros, visite nuestra p\u00e1gina web: <\/span><a href=\"http:\/\/www.incateatro.com\/\" target=\"_blank\" rel=\"noopener\"><span style=\"font-weight: 400;\">www.incateatro.com<\/span><\/a><span style=\"font-weight: 400;\">.<\/span><\/p><p><span style=\"font-weight: 400;\">Presentamos dos espect\u00e1culos cautivadores:<\/span><\/p><ul><li><a href=\"https:\/\/incateatro.com\/\" target=\"_blank\" rel=\"noopener\"><span style=\"font-weight: 400;\">Puertas Abiertas<\/span><\/a><\/li><li><a href=\"https:\/\/incateatro.com\/el-epilogo\/\" target=\"_blank\" rel=\"noopener\"><span style=\"font-weight: 400;\">El Ep\u00edlogo<\/span><\/a><\/li><\/ul><p><span style=\"font-weight: 400;\">Si est\u00e1s interesado por favor ponte en contacto conmigo a trav\u00e9s de correo electr\u00f3nico: <\/span><a href=\"mailto:info@emanuelenargi.com\"><span style=\"font-weight: 400;\">info@emanuelenargi.com<\/span><\/a><\/p><\/div>\n\t\t\t\t<\/div>\n\t\t\t\t\t\t\t<div class=\"elementor-toggle-item\">\n\t\t\t\t\t<div id=\"elementor-tab-title-1183\" class=\"elementor-tab-title\" data-tab=\"3\" role=\"button\" aria-controls=\"elementor-tab-content-1183\" aria-expanded=\"false\">\n\t\t\t\t\t\t\t\t\t\t\t\t<span class=\"elementor-toggle-icon elementor-toggle-icon-left\" aria-hidden=\"true\">\n\t\t\t\t\t\t\t\t\t\t\t\t\t\t\t<span class=\"elementor-toggle-icon-closed\"><i class=\"fas fa-caret-right\"><\/i><\/span>\n\t\t\t\t\t\t\t\t<span class=\"elementor-toggle-icon-opened\"><i class=\"elementor-toggle-icon-opened fas fa-caret-up\"><\/i><\/span>\n\t\t\t\t\t\t\t\t\t\t\t\t\t<\/span>\n\t\t\t\t\t\t\t\t\t\t\t\t<a class=\"elementor-toggle-title\" tabindex=\"0\">RAW HOME RAW<\/a>\n\t\t\t\t\t<\/div>\n\n\t\t\t\t\t<div id=\"elementor-tab-content-1183\" class=\"elementor-tab-content elementor-clearfix\" data-tab=\"3\" role=\"region\" aria-labelledby=\"elementor-tab-title-1183\"><p><span style=\"font-weight: 400;\">Descubra &#8220;RAW HOME RAW&#8221;, un espect\u00e1culo que mezcla la t\u00e9cnica con una creatividad sin l\u00edmites, un toque de locura y lo aparentemente imposible.<\/span><\/p><p><span style=\"font-weight: 400;\">\u00a0<\/span><\/p><p><span style=\"font-weight: 400;\">Esta actuaci\u00f3n ofrece una experiencia envolvente, con una presencia exc\u00e9ntrica y una m\u00fasica ritualista cautivadora.\u00a0<\/span><\/p><p><span style=\"font-weight: 400;\">\u00a0<\/span><\/p><p><span style=\"font-weight: 400;\">Si est\u00e1 interesado, p\u00f3ngase en contacto conmigo por correo electr\u00f3nico: <\/span><a href=\"mailto:info@emanuelenargi.com\"><span style=\"font-weight: 400;\">info@emanuelenargi.com<\/span><\/a><\/p><\/div>\n\t\t\t\t<\/div>\n\t\t\t\t\t\t\t<div class=\"elementor-toggle-item\">\n\t\t\t\t\t<div id=\"elementor-tab-title-1184\" class=\"elementor-tab-title\" data-tab=\"4\" role=\"button\" aria-controls=\"elementor-tab-content-1184\" aria-expanded=\"false\">\n\t\t\t\t\t\t\t\t\t\t\t\t<span class=\"elementor-toggle-icon elementor-toggle-icon-left\" aria-hidden=\"true\">\n\t\t\t\t\t\t\t\t\t\t\t\t\t\t\t<span class=\"elementor-toggle-icon-closed\"><i class=\"fas fa-caret-right\"><\/i><\/span>\n\t\t\t\t\t\t\t\t<span class=\"elementor-toggle-icon-opened\"><i class=\"elementor-toggle-icon-opened fas fa-caret-up\"><\/i><\/span>\n\t\t\t\t\t\t\t\t\t\t\t\t\t<\/span>\n\t\t\t\t\t\t\t\t\t\t\t\t<a class=\"elementor-toggle-title\" tabindex=\"0\">Puertas y ventanas<\/a>\n\t\t\t\t\t<\/div>\n\n\t\t\t\t\t<div id=\"elementor-tab-content-1184\" class=\"elementor-tab-content elementor-clearfix\" data-tab=\"4\" role=\"region\" aria-labelledby=\"elementor-tab-title-1184\"><p><span style=\"font-weight: 400;\">&#8220;Puertas y ventanas&#8221; es una actuaci\u00f3n participativa que te sumerge en la existencia cotidiana del p\u00fablico, proporcionando una experiencia verdaderamente inmersiva.<\/span><\/p><p><span style=\"font-weight: 400;\">\u00a0<\/span><\/p><p><span style=\"font-weight: 400;\">Este viaje se basa en la narraci\u00f3n y el sonido, creando conexiones \u00edntimas y fugaces entre los artistas y los espectadores.<\/span><\/p><p>\u00a0<\/p><p>e-mail: info@emanuelenargi.com<\/p><\/div>\n\t\t\t\t<\/div>\n\t\t\t\t\t\t\t\t<\/div>\n\t\t\t\t\t\t<\/div>\n\t\t\t\t<\/div>\n\t\t\t\t<\/div>\n\t\t\t\t\t<\/div>\n\t\t\t\t<\/div>\n\t\t\t\t<\/div>\n\t\t","protected":false},"excerpt":{"rendered":"<p>Journeys, 2019 PROPUESTAS Teatro \/ Espect\u00e1culos &#8211; colaboraciones Colaboro con particulares, empresas y organizaciones para crear conceptos y po\u00e9ticas singulares de acuerdo a las condiciones de los sitios. Si tienes acceso o eres propietario de un barco, un local, un teatro de cualquier formato, un albergue, un antiguo monasterio, una escuela o cualquier otra infraestructura &hellip;<\/p>\n<p class=\"read-more\"> <a class=\"\" href=\"https:\/\/emanuelenargi.com\/index.php\/es\/teatro-spanish\/propuestas-teatro-spanish\/\"> <span class=\"screen-reader-text\">PROPUESTAS TEATRO &#8211; Spanish<\/span> Read More &raquo;<\/a><\/p>\n","protected":false},"author":1,"featured_media":0,"parent":7014,"menu_order":0,"comment_status":"closed","ping_status":"closed","template":"","meta":{"site-sidebar-layout":"no-sidebar","site-content-layout":"page-builder","ast-site-content-layout":"full-width-container","site-content-style":"unboxed","site-sidebar-style":"unboxed","ast-global-header-display":"","ast-banner-title-visibility":"","ast-main-header-display":"","ast-hfb-above-header-display":"","ast-hfb-below-header-display":"","ast-hfb-mobile-header-display":"","site-post-title":"disabled","ast-breadcrumbs-content":"","ast-featured-img":"disabled","footer-sml-layout":"","theme-transparent-header-meta":"","adv-header-id-meta":"","stick-header-meta":"","header-above-stick-meta":"","header-main-stick-meta":"","header-below-stick-meta":"","astra-migrate-meta-layouts":"set","footnotes":""},"class_list":["post-7083","page","type-page","status-publish","hentry"],"aioseo_notices":[],"_links":{"self":[{"href":"https:\/\/emanuelenargi.com\/index.php\/wp-json\/wp\/v2\/pages\/7083","targetHints":{"allow":["GET"]}}],"collection":[{"href":"https:\/\/emanuelenargi.com\/index.php\/wp-json\/wp\/v2\/pages"}],"about":[{"href":"https:\/\/emanuelenargi.com\/index.php\/wp-json\/wp\/v2\/types\/page"}],"author":[{"embeddable":true,"href":"https:\/\/emanuelenargi.com\/index.php\/wp-json\/wp\/v2\/users\/1"}],"replies":[{"embeddable":true,"href":"https:\/\/emanuelenargi.com\/index.php\/wp-json\/wp\/v2\/comments?post=7083"}],"version-history":[{"count":55,"href":"https:\/\/emanuelenargi.com\/index.php\/wp-json\/wp\/v2\/pages\/7083\/revisions"}],"predecessor-version":[{"id":10466,"href":"https:\/\/emanuelenargi.com\/index.php\/wp-json\/wp\/v2\/pages\/7083\/revisions\/10466"}],"up":[{"embeddable":true,"href":"https:\/\/emanuelenargi.com\/index.php\/wp-json\/wp\/v2\/pages\/7014"}],"wp:attachment":[{"href":"https:\/\/emanuelenargi.com\/index.php\/wp-json\/wp\/v2\/media?parent=7083"}],"curies":[{"name":"wp","href":"https:\/\/api.w.org\/{rel}","templated":true}]}}