{"id":7075,"date":"2023-10-25T18:38:11","date_gmt":"2023-10-25T17:38:11","guid":{"rendered":"https:\/\/emanuelenargi.com\/?page_id=7075"},"modified":"2023-12-02T17:22:21","modified_gmt":"2023-12-02T17:22:21","slug":"formaciones-spanish","status":"publish","type":"page","link":"https:\/\/emanuelenargi.com\/index.php\/es\/formador-spanish\/servicios-spanish\/formaciones-spanish\/","title":{"rendered":"FORMACIONES &#8211; Spanish"},"content":{"rendered":"\t\t<div data-elementor-type=\"wp-page\" data-elementor-id=\"7075\" class=\"elementor elementor-7075\">\n\t\t\t\t<div class=\"elementor-element elementor-element-7d10c73 e-flex e-con-boxed e-con e-parent\" data-id=\"7d10c73\" data-element_type=\"container\" data-e-type=\"container\" data-settings=\"{&quot;background_background&quot;:&quot;gradient&quot;}\">\n\t\t\t\t\t<div class=\"e-con-inner\">\n\t\t<div class=\"elementor-element elementor-element-462aae68 e-con-full animated-slow e-flex elementor-invisible e-con e-child\" data-id=\"462aae68\" data-element_type=\"container\" data-e-type=\"container\" data-settings=\"{&quot;animation&quot;:&quot;fadeInLeft&quot;,&quot;animation_delay&quot;:200}\">\n\t\t\t\t<div class=\"elementor-element elementor-element-6516dc27 elementor-widget elementor-widget-image\" data-id=\"6516dc27\" data-element_type=\"widget\" data-e-type=\"widget\" data-widget_type=\"image.default\">\n\t\t\t\t<div class=\"elementor-widget-container\">\n\t\t\t\t\t\t\t\t\t\t\t\t<figure class=\"wp-caption\">\n\t\t\t\t\t\t\t\t\t\t<img fetchpriority=\"high\" decoding=\"async\" width=\"1600\" height=\"1072\" src=\"https:\/\/emanuelenargi.com\/wp-content\/uploads\/2023\/09\/380639667_10160877607592095_6196152456881952809_n-e1697894988499.jpg\" class=\"attachment-full size-full wp-image-2099\" alt=\"\" srcset=\"https:\/\/emanuelenargi.com\/wp-content\/uploads\/2023\/09\/380639667_10160877607592095_6196152456881952809_n-e1697894988499.jpg 1600w, https:\/\/emanuelenargi.com\/wp-content\/uploads\/2023\/09\/380639667_10160877607592095_6196152456881952809_n-e1697894988499-300x201.jpg 300w, https:\/\/emanuelenargi.com\/wp-content\/uploads\/2023\/09\/380639667_10160877607592095_6196152456881952809_n-e1697894988499-1024x686.jpg 1024w, https:\/\/emanuelenargi.com\/wp-content\/uploads\/2023\/09\/380639667_10160877607592095_6196152456881952809_n-e1697894988499-768x515.jpg 768w, https:\/\/emanuelenargi.com\/wp-content\/uploads\/2023\/09\/380639667_10160877607592095_6196152456881952809_n-e1697894988499-1536x1029.jpg 1536w\" sizes=\"(max-width: 1600px) 100vw, 1600px\" \/>\t\t\t\t\t\t\t\t\t\t\t<figcaption class=\"widget-image-caption wp-caption-text\">Artizenship 3, Timisoara, 2023<\/figcaption>\n\t\t\t\t\t\t\t\t\t\t<\/figure>\n\t\t\t\t\t\t\t\t\t<\/div>\n\t\t\t\t<\/div>\n\t\t\t\t<\/div>\n\t\t<div class=\"elementor-element elementor-element-b6b324d e-con-full e-flex e-con e-child\" data-id=\"b6b324d\" data-element_type=\"container\" data-e-type=\"container\">\n\t\t\t\t<div class=\"elementor-element elementor-element-50ffb408 elementor-invisible elementor-widget elementor-widget-text-editor\" data-id=\"50ffb408\" data-element_type=\"widget\" data-e-type=\"widget\" data-settings=\"{&quot;_animation&quot;:&quot;fadeInDown&quot;}\" data-widget_type=\"text-editor.default\">\n\t\t\t\t<div class=\"elementor-widget-container\">\n\t\t\t\t\t\t\t\t\t<p><strong>FORMACI\u00d3N<\/strong><\/p>\t\t\t\t\t\t\t\t<\/div>\n\t\t\t\t<\/div>\n\t\t\t\t<div class=\"elementor-element elementor-element-72766ab1 elementor-invisible elementor-widget elementor-widget-text-editor\" data-id=\"72766ab1\" data-element_type=\"widget\" data-e-type=\"widget\" data-settings=\"{&quot;_animation&quot;:&quot;fadeInDown&quot;}\" data-widget_type=\"text-editor.default\">\n\t\t\t\t<div class=\"elementor-widget-container\">\n\t\t\t\t\t\t\t\t\t<p><strong>Descubra una gama de cursos de formaci\u00f3n profesional y personal de corta y larga duraci\u00f3n.<\/strong><\/p>\t\t\t\t\t\t\t\t<\/div>\n\t\t\t\t<\/div>\n\t\t\t\t<div class=\"elementor-element elementor-element-15ba7e81 animated-slow elementor-invisible elementor-widget elementor-widget-toggle\" data-id=\"15ba7e81\" data-element_type=\"widget\" data-e-type=\"widget\" data-settings=\"{&quot;_animation&quot;:&quot;fadeInUp&quot;}\" data-widget_type=\"toggle.default\">\n\t\t\t\t<div class=\"elementor-widget-container\">\n\t\t\t\t\t\t\t<div class=\"elementor-toggle\">\n\t\t\t\t\t\t\t<div class=\"elementor-toggle-item\">\n\t\t\t\t\t<div id=\"elementor-tab-title-3641\" class=\"elementor-tab-title\" data-tab=\"1\" role=\"button\" aria-controls=\"elementor-tab-content-3641\" aria-expanded=\"false\">\n\t\t\t\t\t\t\t\t\t\t\t\t<span class=\"elementor-toggle-icon elementor-toggle-icon-left\" aria-hidden=\"true\">\n\t\t\t\t\t\t\t\t\t\t\t\t\t\t\t<span class=\"elementor-toggle-icon-closed\"><i class=\"fas fa-caret-right\"><\/i><\/span>\n\t\t\t\t\t\t\t\t<span class=\"elementor-toggle-icon-opened\"><i class=\"elementor-toggle-icon-opened fas fa-caret-up\"><\/i><\/span>\n\t\t\t\t\t\t\t\t\t\t\t\t\t<\/span>\n\t\t\t\t\t\t\t\t\t\t\t\t<a class=\"elementor-toggle-title\" tabindex=\"0\">Cursos para profesores y educadores<\/a>\n\t\t\t\t\t<\/div>\n\n\t\t\t\t\t<div id=\"elementor-tab-content-3641\" class=\"elementor-tab-content elementor-clearfix\" data-tab=\"1\" role=\"region\" aria-labelledby=\"elementor-tab-title-3641\"><p>Creo que el arte puede influir en la motivaci\u00f3n de los alumnos para aprender. Estas actividades creativas son esenciales para desarrollar las capacidades sociales, ling\u00fc\u00edsticas y f\u00edsicas de los alumnos.<\/p><p>\u00a0<\/p><p>Adem\u00e1s, al apelar al mundo sensorial, proporcionan una v\u00eda hacia experiencias de aprendizaje duraderas. Todos los educadores puede utilizar el poder del arte en el aula para ayudar a los alumnos a desarrollar sus capacidades creativas y hacer que el aprendizaje sea atractivo y duradero.<\/p><p>\u00a0<\/p><p>Ser artista por derecho propio es, por tanto, un componente crucial de la ense\u00f1anza. Gracias al programa Erasmus+, los profesores tienen la oportunidad de viajar con fines educativos y de trabajar con diferentes grupos de educadores.<\/p><p>\u00a0<\/p><p><strong>Vea este ejemplo realizado con TeachersRise:<\/strong><\/p><p><strong><a href=\"https:\/\/www.teachersrise.eu\/courses\/social-theatre-and-creativity-for-inter-cultural-dialogue\" target=\"_blank\" rel=\"noopener\">Social theatre and creativity for intercultural dialogue<\/a><\/strong><\/p><p><em><a href=\"https:\/\/www.teachersrise.eu\/courses\/social-theatre-and-creativity-for-inter-cultural-dialogue\" target=\"_blank\" rel=\"noopener\">(h<\/a><a href=\"https:\/\/www.teachersrise.eu\/courses\/social-theatre-and-creativity-for-inter-cultural-dialogue\" target=\"_blank\" rel=\"noopener\">aga clic aqu\u00ed)<\/a><\/em><\/p><p>\u00a0<\/p><p>Si tiene alguna pregunta o est\u00e1 interesado en presentar su candidatura, no dude en ponerse en contacto conmigo por correo electr\u00f3nico.<\/p><p>\u00a0<\/p><p>Correo electr\u00f3nico: info@emanuelenargi.com<\/p><\/div>\n\t\t\t\t<\/div>\n\t\t\t\t\t\t\t<div class=\"elementor-toggle-item\">\n\t\t\t\t\t<div id=\"elementor-tab-title-3642\" class=\"elementor-tab-title\" data-tab=\"2\" role=\"button\" aria-controls=\"elementor-tab-content-3642\" aria-expanded=\"false\">\n\t\t\t\t\t\t\t\t\t\t\t\t<span class=\"elementor-toggle-icon elementor-toggle-icon-left\" aria-hidden=\"true\">\n\t\t\t\t\t\t\t\t\t\t\t\t\t\t\t<span class=\"elementor-toggle-icon-closed\"><i class=\"fas fa-caret-right\"><\/i><\/span>\n\t\t\t\t\t\t\t\t<span class=\"elementor-toggle-icon-opened\"><i class=\"elementor-toggle-icon-opened fas fa-caret-up\"><\/i><\/span>\n\t\t\t\t\t\t\t\t\t\t\t\t\t<\/span>\n\t\t\t\t\t\t\t\t\t\t\t\t<a class=\"elementor-toggle-title\" tabindex=\"0\">Formato Artizenship<\/a>\n\t\t\t\t\t<\/div>\n\n\t\t\t\t\t<div id=\"elementor-tab-content-3642\" class=\"elementor-tab-content elementor-clearfix\" data-tab=\"2\" role=\"region\" aria-labelledby=\"elementor-tab-title-3642\"><p>Ofrezco cursos de formaci\u00f3n que utilizan el teatro, la creatividad, la creaci\u00f3n de equipos y se centran en temas sociales.<\/p><p>\u00a0<\/p><p>Puedes explorar un formato que he desarrollado en el pasado, como el enfoque Artizenship con\u00a0<a href=\"https:\/\/www.linkyouth.org\/images\/CALL_ARTIZENSHIP_TIRANA.pdf\" target=\"_blank\" rel=\"noopener\">Associazione LINK\u00a0<em>(haga clic aqu\u00ed)<\/em><\/a>.<\/p><p>\u00a0<\/p><p>Si est\u00e1s interesado en este formato, ponte en contacto conmigoen: <a href=\"mailto:info@emanuelenargi.com\">info@emanuelenargi.com<\/a><\/p><\/div>\n\t\t\t\t<\/div>\n\t\t\t\t\t\t\t<div class=\"elementor-toggle-item\">\n\t\t\t\t\t<div id=\"elementor-tab-title-3643\" class=\"elementor-tab-title\" data-tab=\"3\" role=\"button\" aria-controls=\"elementor-tab-content-3643\" aria-expanded=\"false\">\n\t\t\t\t\t\t\t\t\t\t\t\t<span class=\"elementor-toggle-icon elementor-toggle-icon-left\" aria-hidden=\"true\">\n\t\t\t\t\t\t\t\t\t\t\t\t\t\t\t<span class=\"elementor-toggle-icon-closed\"><i class=\"fas fa-caret-right\"><\/i><\/span>\n\t\t\t\t\t\t\t\t<span class=\"elementor-toggle-icon-opened\"><i class=\"elementor-toggle-icon-opened fas fa-caret-up\"><\/i><\/span>\n\t\t\t\t\t\t\t\t\t\t\t\t\t<\/span>\n\t\t\t\t\t\t\t\t\t\t\t\t<a class=\"elementor-toggle-title\" tabindex=\"0\">Corporeidad y comunidad: una v\u00eda hacia el bienestar<\/a>\n\t\t\t\t\t<\/div>\n\n\t\t\t\t\t<div id=\"elementor-tab-content-3643\" class=\"elementor-tab-content elementor-clearfix\" data-tab=\"3\" role=\"region\" aria-labelledby=\"elementor-tab-title-3643\"><p><a href=\"http:\/\/emanuelenargi.com\/wp-content\/uploads\/2023\/10\/Corporeality-and-Community-a-Pathway-to-Well-Being.pdf\" target=\"_blank\" rel=\"noopener\">Corporeidad, Ecosom\u00e1tica y Comunidad: Una v\u00eda hacia el bienestar PDF \u2013\u00a0<em>(haga clic aqu\u00ed)<\/em><\/a><\/p><\/div>\n\t\t\t\t<\/div>\n\t\t\t\t\t\t\t<div class=\"elementor-toggle-item\">\n\t\t\t\t\t<div id=\"elementor-tab-title-3644\" class=\"elementor-tab-title\" data-tab=\"4\" role=\"button\" aria-controls=\"elementor-tab-content-3644\" aria-expanded=\"false\">\n\t\t\t\t\t\t\t\t\t\t\t\t<span class=\"elementor-toggle-icon elementor-toggle-icon-left\" aria-hidden=\"true\">\n\t\t\t\t\t\t\t\t\t\t\t\t\t\t\t<span class=\"elementor-toggle-icon-closed\"><i class=\"fas fa-caret-right\"><\/i><\/span>\n\t\t\t\t\t\t\t\t<span class=\"elementor-toggle-icon-opened\"><i class=\"elementor-toggle-icon-opened fas fa-caret-up\"><\/i><\/span>\n\t\t\t\t\t\t\t\t\t\t\t\t\t<\/span>\n\t\t\t\t\t\t\t\t\t\t\t\t<a class=\"elementor-toggle-title\" tabindex=\"0\">Oportunidades de colaboraci\u00f3n<\/a>\n\t\t\t\t\t<\/div>\n\n\t\t\t\t\t<div id=\"elementor-tab-content-3644\" class=\"elementor-tab-content elementor-clearfix\" data-tab=\"4\" role=\"region\" aria-labelledby=\"elementor-tab-title-3644\"><p><strong>Ofrezco la oportunidad de colaborar<\/strong>\u00a0en una amplia gama de espacios de formaci\u00f3n adaptables, donde puedo adaptar los programas de formaci\u00f3n a diversos formatos y estoy abierto a un amplio espectro de posibilidades.<\/p><p>\u00a0<\/p><p>Contacte conmigo: info@emanuelenargi.com<\/p><\/div>\n\t\t\t\t<\/div>\n\t\t\t\t\t\t\t\t<\/div>\n\t\t\t\t\t\t<\/div>\n\t\t\t\t<\/div>\n\t\t\t\t<\/div>\n\t\t\t\t\t<\/div>\n\t\t\t\t<\/div>\n\t\t\t\t<\/div>\n\t\t","protected":false},"excerpt":{"rendered":"<p>Artizenship 3, Timisoara, 2023 FORMACI\u00d3N Descubra una gama de cursos de formaci\u00f3n profesional y personal de corta y larga duraci\u00f3n. Cursos para profesores y educadores Creo que el arte puede influir en la motivaci\u00f3n de los alumnos para aprender. Estas actividades creativas son esenciales para desarrollar las capacidades sociales, ling\u00fc\u00edsticas y f\u00edsicas de los alumnos. &hellip;<\/p>\n<p class=\"read-more\"> <a class=\"\" href=\"https:\/\/emanuelenargi.com\/index.php\/es\/formador-spanish\/servicios-spanish\/formaciones-spanish\/\"> <span class=\"screen-reader-text\">FORMACIONES &#8211; Spanish<\/span> Read More &raquo;<\/a><\/p>\n","protected":false},"author":1,"featured_media":0,"parent":7065,"menu_order":0,"comment_status":"closed","ping_status":"closed","template":"","meta":{"site-sidebar-layout":"no-sidebar","site-content-layout":"page-builder","ast-site-content-layout":"full-width-container","site-content-style":"unboxed","site-sidebar-style":"unboxed","ast-global-header-display":"","ast-banner-title-visibility":"","ast-main-header-display":"","ast-hfb-above-header-display":"","ast-hfb-below-header-display":"","ast-hfb-mobile-header-display":"","site-post-title":"disabled","ast-breadcrumbs-content":"","ast-featured-img":"disabled","footer-sml-layout":"","theme-transparent-header-meta":"","adv-header-id-meta":"","stick-header-meta":"","header-above-stick-meta":"","header-main-stick-meta":"","header-below-stick-meta":"","astra-migrate-meta-layouts":"set","footnotes":""},"class_list":["post-7075","page","type-page","status-publish","hentry"],"aioseo_notices":[],"_links":{"self":[{"href":"https:\/\/emanuelenargi.com\/index.php\/wp-json\/wp\/v2\/pages\/7075","targetHints":{"allow":["GET"]}}],"collection":[{"href":"https:\/\/emanuelenargi.com\/index.php\/wp-json\/wp\/v2\/pages"}],"about":[{"href":"https:\/\/emanuelenargi.com\/index.php\/wp-json\/wp\/v2\/types\/page"}],"author":[{"embeddable":true,"href":"https:\/\/emanuelenargi.com\/index.php\/wp-json\/wp\/v2\/users\/1"}],"replies":[{"embeddable":true,"href":"https:\/\/emanuelenargi.com\/index.php\/wp-json\/wp\/v2\/comments?post=7075"}],"version-history":[{"count":73,"href":"https:\/\/emanuelenargi.com\/index.php\/wp-json\/wp\/v2\/pages\/7075\/revisions"}],"predecessor-version":[{"id":10402,"href":"https:\/\/emanuelenargi.com\/index.php\/wp-json\/wp\/v2\/pages\/7075\/revisions\/10402"}],"up":[{"embeddable":true,"href":"https:\/\/emanuelenargi.com\/index.php\/wp-json\/wp\/v2\/pages\/7065"}],"wp:attachment":[{"href":"https:\/\/emanuelenargi.com\/index.php\/wp-json\/wp\/v2\/media?parent=7075"}],"curies":[{"name":"wp","href":"https:\/\/api.w.org\/{rel}","templated":true}]}}