{"id":7071,"date":"2023-10-25T18:38:11","date_gmt":"2023-10-25T17:38:11","guid":{"rendered":"https:\/\/emanuelenargi.com\/?page_id=7071"},"modified":"2023-12-02T16:18:20","modified_gmt":"2023-12-02T16:18:20","slug":"residencias-spanish","status":"publish","type":"page","link":"https:\/\/emanuelenargi.com\/index.php\/es\/formador-spanish\/servicios-spanish\/residencias-spanish\/","title":{"rendered":"RESIDENCIAS &#8211; Spanish"},"content":{"rendered":"\t\t<div data-elementor-type=\"wp-page\" data-elementor-id=\"7071\" class=\"elementor elementor-7071\">\n\t\t\t\t<div class=\"elementor-element elementor-element-1ae8488 e-flex e-con-boxed e-con e-parent\" data-id=\"1ae8488\" data-element_type=\"container\" data-e-type=\"container\" data-settings=\"{&quot;background_background&quot;:&quot;gradient&quot;}\">\n\t\t\t\t\t<div class=\"e-con-inner\">\n\t\t<div class=\"elementor-element elementor-element-db00c85 e-con-full e-flex e-con e-child\" data-id=\"db00c85\" data-element_type=\"container\" data-e-type=\"container\">\n\t\t\t\t<div class=\"elementor-element elementor-element-ce48b0e animated-slow elementor-invisible elementor-widget elementor-widget-image\" data-id=\"ce48b0e\" data-element_type=\"widget\" data-e-type=\"widget\" data-settings=\"{&quot;_animation&quot;:&quot;fadeInLeft&quot;,&quot;_animation_delay&quot;:0}\" data-widget_type=\"image.default\">\n\t\t\t\t<div class=\"elementor-widget-container\">\n\t\t\t\t\t\t\t\t\t\t\t\t<figure class=\"wp-caption\">\n\t\t\t\t\t\t\t\t\t\t<img fetchpriority=\"high\" decoding=\"async\" width=\"2692\" height=\"1736\" src=\"https:\/\/emanuelenargi.com\/wp-content\/uploads\/2023\/10\/Screenshot-2023-10-25-at-22.16.20.png\" class=\"attachment-full size-full wp-image-4601\" alt=\"\" srcset=\"https:\/\/emanuelenargi.com\/wp-content\/uploads\/2023\/10\/Screenshot-2023-10-25-at-22.16.20.png 2692w, https:\/\/emanuelenargi.com\/wp-content\/uploads\/2023\/10\/Screenshot-2023-10-25-at-22.16.20-300x193.png 300w, https:\/\/emanuelenargi.com\/wp-content\/uploads\/2023\/10\/Screenshot-2023-10-25-at-22.16.20-1024x660.png 1024w, https:\/\/emanuelenargi.com\/wp-content\/uploads\/2023\/10\/Screenshot-2023-10-25-at-22.16.20-768x495.png 768w, https:\/\/emanuelenargi.com\/wp-content\/uploads\/2023\/10\/Screenshot-2023-10-25-at-22.16.20-1536x991.png 1536w, https:\/\/emanuelenargi.com\/wp-content\/uploads\/2023\/10\/Screenshot-2023-10-25-at-22.16.20-2048x1321.png 2048w\" sizes=\"(max-width: 2692px) 100vw, 2692px\" \/>\t\t\t\t\t\t\t\t\t\t\t<figcaption class=\"widget-image-caption wp-caption-text\">Journeys, INCA Lituania, 2019<\/figcaption>\n\t\t\t\t\t\t\t\t\t\t<\/figure>\n\t\t\t\t\t\t\t\t\t<\/div>\n\t\t\t\t<\/div>\n\t\t\t\t<\/div>\n\t\t<div class=\"elementor-element elementor-element-4d5d8f1 e-con-full e-flex e-con e-child\" data-id=\"4d5d8f1\" data-element_type=\"container\" data-e-type=\"container\">\n\t\t<div class=\"elementor-element elementor-element-9962ae1 e-flex e-con-boxed elementor-invisible e-con e-child\" data-id=\"9962ae1\" data-element_type=\"container\" data-e-type=\"container\" data-settings=\"{&quot;animation&quot;:&quot;fadeInDown&quot;}\">\n\t\t\t\t\t<div class=\"e-con-inner\">\n\t\t\t\t<div class=\"elementor-element elementor-element-912e4c0 elementor-widget elementor-widget-text-editor\" data-id=\"912e4c0\" data-element_type=\"widget\" data-e-type=\"widget\" data-widget_type=\"text-editor.default\">\n\t\t\t\t<div class=\"elementor-widget-container\">\n\t\t\t\t\t\t\t\t\t<p><strong>RESIDENCIAS<\/strong><\/p>\t\t\t\t\t\t\t\t<\/div>\n\t\t\t\t<\/div>\n\t\t\t\t\t<\/div>\n\t\t\t\t<\/div>\n\t\t<div class=\"elementor-element elementor-element-c71d1c2 e-flex e-con-boxed e-con e-child\" data-id=\"c71d1c2\" data-element_type=\"container\" data-e-type=\"container\">\n\t\t\t\t\t<div class=\"e-con-inner\">\n\t\t\t\t<div class=\"elementor-element elementor-element-f027d6e elementor-invisible elementor-widget elementor-widget-text-editor\" data-id=\"f027d6e\" data-element_type=\"widget\" data-e-type=\"widget\" data-settings=\"{&quot;_animation&quot;:&quot;fadeInDown&quot;}\" data-widget_type=\"text-editor.default\">\n\t\t\t\t<div class=\"elementor-widget-container\">\n\t\t\t\t\t\t\t\t\t<p><strong>Una plataforma \u00fanica para el desarrollo de habilidades, la producci\u00f3n creativa y la actuaci\u00f3n.<\/strong><\/p>\t\t\t\t\t\t\t\t<\/div>\n\t\t\t\t<\/div>\n\t\t\t\t<div class=\"elementor-element elementor-element-603950c elementor-invisible elementor-widget elementor-widget-toggle\" data-id=\"603950c\" data-element_type=\"widget\" data-e-type=\"widget\" data-settings=\"{&quot;_animation&quot;:&quot;fadeInUp&quot;}\" data-widget_type=\"toggle.default\">\n\t\t\t\t<div class=\"elementor-widget-container\">\n\t\t\t\t\t\t\t<div class=\"elementor-toggle\">\n\t\t\t\t\t\t\t<div class=\"elementor-toggle-item\">\n\t\t\t\t\t<div id=\"elementor-tab-title-1001\" class=\"elementor-tab-title\" data-tab=\"1\" role=\"button\" aria-controls=\"elementor-tab-content-1001\" aria-expanded=\"false\">\n\t\t\t\t\t\t\t\t\t\t\t\t<span class=\"elementor-toggle-icon elementor-toggle-icon-left\" aria-hidden=\"true\">\n\t\t\t\t\t\t\t\t\t\t\t\t\t\t\t<span class=\"elementor-toggle-icon-closed\"><i class=\"fas fa-caret-right\"><\/i><\/span>\n\t\t\t\t\t\t\t\t<span class=\"elementor-toggle-icon-opened\"><i class=\"elementor-toggle-icon-opened fas fa-caret-up\"><\/i><\/span>\n\t\t\t\t\t\t\t\t\t\t\t\t\t<\/span>\n\t\t\t\t\t\t\t\t\t\t\t\t<a class=\"elementor-toggle-title\" tabindex=\"0\">JOURNEYS<\/a>\n\t\t\t\t\t<\/div>\n\n\t\t\t\t\t<div id=\"elementor-tab-content-1001\" class=\"elementor-tab-content elementor-clearfix\" data-tab=\"1\" role=\"region\" aria-labelledby=\"elementor-tab-title-1001\"><p><a href=\"http:\/\/emanuelenargi.com\/wp-content\/uploads\/2023\/10\/Immersive-journeys.pdf\" target=\"_blank\" rel=\"noopener\">Immersive Journeys PDF &#8211; <em>(<span class=\"selectable-text copyable-text\">haga clic aqu\u00ed)<\/span><\/em><\/a><\/p><\/div>\n\t\t\t\t<\/div>\n\t\t\t\t\t\t\t<div class=\"elementor-toggle-item\">\n\t\t\t\t\t<div id=\"elementor-tab-title-1002\" class=\"elementor-tab-title\" data-tab=\"2\" role=\"button\" aria-controls=\"elementor-tab-content-1002\" aria-expanded=\"false\">\n\t\t\t\t\t\t\t\t\t\t\t\t<span class=\"elementor-toggle-icon elementor-toggle-icon-left\" aria-hidden=\"true\">\n\t\t\t\t\t\t\t\t\t\t\t\t\t\t\t<span class=\"elementor-toggle-icon-closed\"><i class=\"fas fa-caret-right\"><\/i><\/span>\n\t\t\t\t\t\t\t\t<span class=\"elementor-toggle-icon-opened\"><i class=\"elementor-toggle-icon-opened fas fa-caret-up\"><\/i><\/span>\n\t\t\t\t\t\t\t\t\t\t\t\t\t<\/span>\n\t\t\t\t\t\t\t\t\t\t\t\t<a class=\"elementor-toggle-title\" tabindex=\"0\">COLABORACI\u00d3N<\/a>\n\t\t\t\t\t<\/div>\n\n\t\t\t\t\t<div id=\"elementor-tab-content-1002\" class=\"elementor-tab-content elementor-clearfix\" data-tab=\"2\" role=\"region\" aria-labelledby=\"elementor-tab-title-1002\"><p><span style=\"font-weight: 400;\">Ofrezco mi colaboraci\u00f3n para ensayos, experimentaci\u00f3n y performance &#8211; Disponible para tu residencia art\u00edstica.\u00a0<\/span><\/p><p><span style=\"font-weight: 400;\">\u00a0<\/span><\/p><p><span style=\"font-weight: 400;\">Contacte conmigo: <\/span><a href=\"mailto:info@emanuelenargi.com\"><span style=\"font-weight: 400;\">info@emanuelenargi.com<\/span><\/a><\/p><\/div>\n\t\t\t\t<\/div>\n\t\t\t\t\t\t\t\t<\/div>\n\t\t\t\t\t\t<\/div>\n\t\t\t\t<\/div>\n\t\t\t\t\t<\/div>\n\t\t\t\t<\/div>\n\t\t\t\t<\/div>\n\t\t\t\t\t<\/div>\n\t\t\t\t<\/div>\n\t\t\t\t<\/div>\n\t\t","protected":false},"excerpt":{"rendered":"<p>Journeys, INCA Lituania, 2019 RESIDENCIAS Una plataforma \u00fanica para el desarrollo de habilidades, la producci\u00f3n creativa y la actuaci\u00f3n. JOURNEYS Immersive Journeys PDF &#8211; (haga clic aqu\u00ed) COLABORACI\u00d3N Ofrezco mi colaboraci\u00f3n para ensayos, experimentaci\u00f3n y performance &#8211; Disponible para tu residencia art\u00edstica.\u00a0 \u00a0 Contacte conmigo: info@emanuelenargi.com<\/p>\n","protected":false},"author":1,"featured_media":0,"parent":7065,"menu_order":0,"comment_status":"closed","ping_status":"closed","template":"","meta":{"site-sidebar-layout":"no-sidebar","site-content-layout":"page-builder","ast-site-content-layout":"full-width-container","site-content-style":"unboxed","site-sidebar-style":"unboxed","ast-global-header-display":"","ast-banner-title-visibility":"","ast-main-header-display":"","ast-hfb-above-header-display":"","ast-hfb-below-header-display":"","ast-hfb-mobile-header-display":"","site-post-title":"disabled","ast-breadcrumbs-content":"","ast-featured-img":"disabled","footer-sml-layout":"","theme-transparent-header-meta":"","adv-header-id-meta":"","stick-header-meta":"","header-above-stick-meta":"","header-main-stick-meta":"","header-below-stick-meta":"","astra-migrate-meta-layouts":"set","footnotes":""},"class_list":["post-7071","page","type-page","status-publish","hentry"],"aioseo_notices":[],"_links":{"self":[{"href":"https:\/\/emanuelenargi.com\/index.php\/wp-json\/wp\/v2\/pages\/7071","targetHints":{"allow":["GET"]}}],"collection":[{"href":"https:\/\/emanuelenargi.com\/index.php\/wp-json\/wp\/v2\/pages"}],"about":[{"href":"https:\/\/emanuelenargi.com\/index.php\/wp-json\/wp\/v2\/types\/page"}],"author":[{"embeddable":true,"href":"https:\/\/emanuelenargi.com\/index.php\/wp-json\/wp\/v2\/users\/1"}],"replies":[{"embeddable":true,"href":"https:\/\/emanuelenargi.com\/index.php\/wp-json\/wp\/v2\/comments?post=7071"}],"version-history":[{"count":46,"href":"https:\/\/emanuelenargi.com\/index.php\/wp-json\/wp\/v2\/pages\/7071\/revisions"}],"predecessor-version":[{"id":10324,"href":"https:\/\/emanuelenargi.com\/index.php\/wp-json\/wp\/v2\/pages\/7071\/revisions\/10324"}],"up":[{"embeddable":true,"href":"https:\/\/emanuelenargi.com\/index.php\/wp-json\/wp\/v2\/pages\/7065"}],"wp:attachment":[{"href":"https:\/\/emanuelenargi.com\/index.php\/wp-json\/wp\/v2\/media?parent=7071"}],"curies":[{"name":"wp","href":"https:\/\/api.w.org\/{rel}","templated":true}]}}