{"id":6597,"date":"2023-10-26T07:07:52","date_gmt":"2023-10-26T06:07:52","guid":{"rendered":"https:\/\/emanuelenargi.com\/?page_id=6597"},"modified":"2025-01-15T21:54:04","modified_gmt":"2025-01-15T21:54:04","slug":"regista-italiano","status":"publish","type":"page","link":"https:\/\/emanuelenargi.com\/index.php\/it\/teatro-italiano\/portfolio-teatro-italiano\/regista-italiano\/","title":{"rendered":"REGISTA &#8211; Italiano"},"content":{"rendered":"\t\t<div data-elementor-type=\"wp-page\" data-elementor-id=\"6597\" class=\"elementor elementor-6597\">\n\t\t\t\t<div class=\"elementor-element elementor-element-6bf4dcd e-flex e-con-boxed e-con e-parent\" data-id=\"6bf4dcd\" data-element_type=\"container\" data-e-type=\"container\" data-settings=\"{&quot;background_background&quot;:&quot;gradient&quot;}\">\n\t\t\t\t\t<div class=\"e-con-inner\">\n\t\t<div class=\"elementor-element elementor-element-3c350f9a e-con-full e-flex e-con e-child\" data-id=\"3c350f9a\" data-element_type=\"container\" data-e-type=\"container\">\n\t\t\t\t<div class=\"elementor-element elementor-element-38d3b635 elementor-widget__width-inherit e-transform elementor-invisible elementor-widget elementor-widget-text-editor\" data-id=\"38d3b635\" data-element_type=\"widget\" data-e-type=\"widget\" data-settings=\"{&quot;_animation&quot;:&quot;fadeInDown&quot;,&quot;_transform_scale_effect_hover&quot;:{&quot;unit&quot;:&quot;px&quot;,&quot;size&quot;:1.1,&quot;sizes&quot;:[]},&quot;_transform_scale_effect_hover_tablet&quot;:{&quot;unit&quot;:&quot;px&quot;,&quot;size&quot;:&quot;&quot;,&quot;sizes&quot;:[]},&quot;_transform_scale_effect_hover_mobile&quot;:{&quot;unit&quot;:&quot;px&quot;,&quot;size&quot;:&quot;&quot;,&quot;sizes&quot;:[]}}\" data-widget_type=\"text-editor.default\">\n\t\t\t\t<div class=\"elementor-widget-container\">\n\t\t\t\t\t\t\t\t\t<p><a href=\"http:\/\/www.incateatro.com\/\" target=\"_blank\" rel=\"noopener\">\u2192 <strong>PORTE APERTE\u00a0<\/strong><\/a><\/p>\t\t\t\t\t\t\t\t<\/div>\n\t\t\t\t<\/div>\n\t\t\t\t<div class=\"elementor-element elementor-element-325d4d31 elementor-widget__width-inherit elementor-invisible elementor-widget elementor-widget-image\" data-id=\"325d4d31\" data-element_type=\"widget\" data-e-type=\"widget\" data-settings=\"{&quot;_animation&quot;:&quot;pulse&quot;}\" data-widget_type=\"image.default\">\n\t\t\t\t<div class=\"elementor-widget-container\">\n\t\t\t\t\t\t\t\t\t\t\t\t\t\t\t<img fetchpriority=\"high\" decoding=\"async\" width=\"1024\" height=\"683\" src=\"https:\/\/emanuelenargi.com\/wp-content\/uploads\/2023\/10\/Puertas_Abiertas-Fotos-@NatachaElmir-21-1024x683-1.jpg\" class=\"attachment-large size-large wp-image-4824\" alt=\"\" srcset=\"https:\/\/emanuelenargi.com\/wp-content\/uploads\/2023\/10\/Puertas_Abiertas-Fotos-@NatachaElmir-21-1024x683-1.jpg 1024w, https:\/\/emanuelenargi.com\/wp-content\/uploads\/2023\/10\/Puertas_Abiertas-Fotos-@NatachaElmir-21-1024x683-1-300x200.jpg 300w, https:\/\/emanuelenargi.com\/wp-content\/uploads\/2023\/10\/Puertas_Abiertas-Fotos-@NatachaElmir-21-1024x683-1-768x512.jpg 768w\" sizes=\"(max-width: 1024px) 100vw, 1024px\" \/>\t\t\t\t\t\t\t\t\t\t\t\t\t\t\t<\/div>\n\t\t\t\t<\/div>\n\t\t\t\t<\/div>\n\t\t\t\t<div class=\"elementor-element elementor-element-54230746 elementor-widget__width-initial animated-slow elementor-widget-tablet__width-initial elementor-invisible elementor-widget elementor-widget-text-editor\" data-id=\"54230746\" data-element_type=\"widget\" data-e-type=\"widget\" data-settings=\"{&quot;_animation&quot;:&quot;fadeIn&quot;}\" data-widget_type=\"text-editor.default\">\n\t\t\t\t<div class=\"elementor-widget-container\">\n\t\t\t\t\t\t\t\t\t<p>\u00a0 \u00a0 \u00a0Uno spettacolo immersivo che mette in scena contemporaneamente, in 14 stanze di un ex monastero, le dinamiche di potere tra sette personaggi. Gli spettatori scelgono quale personaggio seguire, esplorando le loro storie individuali. Uno spettacolo multidisciplinare che mescola teatro fisico, performance ed esperienze sensoriali, ispirandosi alle opere di Sciascia e Kafka.<\/p>\t\t\t\t\t\t\t\t<\/div>\n\t\t\t\t<\/div>\n\t\t\t\t\t<\/div>\n\t\t\t\t<\/div>\n\t\t<div class=\"elementor-element elementor-element-331d9fb4 e-flex e-con-boxed e-con e-parent\" data-id=\"331d9fb4\" data-element_type=\"container\" data-e-type=\"container\" data-settings=\"{&quot;background_background&quot;:&quot;gradient&quot;}\">\n\t\t\t\t\t<div class=\"e-con-inner\">\n\t\t\t\t<div class=\"elementor-element elementor-element-3c76544f elementor-widget__width-initial animated-slow elementor-invisible elementor-widget elementor-widget-text-editor\" data-id=\"3c76544f\" data-element_type=\"widget\" data-e-type=\"widget\" data-settings=\"{&quot;_animation&quot;:&quot;fadeIn&quot;}\" data-widget_type=\"text-editor.default\">\n\t\t\t\t<div class=\"elementor-widget-container\">\n\t\t\t\t\t\t\t\t\t<p>\u00a0 \u00a0 \u00a0 The Banquet \u00e8 uno spettacolo che gioca con la percezione e la partecipazione del pubblico, rivelando due mondi inizialmente separati: uno nel caos, abitato da futuri babilonesi, e un altro ordinato e inquietante, sotto il controllo di un potere occulto. Man mano che i due mondi e il pubblico convergono intorno al tavolo, le nostre identit\u00e0 diventano chiare nei momenti cruciali del processo decisionale.<\/p>\t\t\t\t\t\t\t\t<\/div>\n\t\t\t\t<\/div>\n\t\t<div class=\"elementor-element elementor-element-7b2d679f e-con-full e-flex e-con e-child\" data-id=\"7b2d679f\" data-element_type=\"container\" data-e-type=\"container\">\n\t\t\t\t<div class=\"elementor-element elementor-element-411deb7e elementor-widget__width-inherit e-transform elementor-widget-tablet__width-inherit elementor-invisible elementor-widget elementor-widget-text-editor\" data-id=\"411deb7e\" data-element_type=\"widget\" data-e-type=\"widget\" data-settings=\"{&quot;_animation&quot;:&quot;fadeInDown&quot;,&quot;_transform_scale_effect_hover&quot;:{&quot;unit&quot;:&quot;px&quot;,&quot;size&quot;:1.1,&quot;sizes&quot;:[]},&quot;_transform_scale_effect_hover_tablet&quot;:{&quot;unit&quot;:&quot;px&quot;,&quot;size&quot;:&quot;&quot;,&quot;sizes&quot;:[]},&quot;_transform_scale_effect_hover_mobile&quot;:{&quot;unit&quot;:&quot;px&quot;,&quot;size&quot;:&quot;&quot;,&quot;sizes&quot;:[]}}\" data-widget_type=\"text-editor.default\">\n\t\t\t\t<div class=\"elementor-widget-container\">\n\t\t\t\t\t\t\t\t\t<p><a href=\"https:\/\/incateatro.com\/el-banquete\/\" target=\"_blank\" rel=\"noopener\">\u2192<b> THE BANQUET<\/b><\/a><\/p>\t\t\t\t\t\t\t\t<\/div>\n\t\t\t\t<\/div>\n\t\t\t\t<div class=\"elementor-element elementor-element-4c292fb0 elementor-widget__width-initial elementor-widget-tablet__width-inherit elementor-invisible elementor-widget elementor-widget-image\" data-id=\"4c292fb0\" data-element_type=\"widget\" data-e-type=\"widget\" data-settings=\"{&quot;_animation&quot;:&quot;pulse&quot;}\" data-widget_type=\"image.default\">\n\t\t\t\t<div class=\"elementor-widget-container\">\n\t\t\t\t\t\t\t\t\t\t\t\t\t\t\t<img decoding=\"async\" width=\"1024\" height=\"682\" src=\"https:\/\/emanuelenargi.com\/wp-content\/uploads\/2023\/10\/dsc_5263-scaled-1-1024x682.webp\" class=\"attachment-large size-large wp-image-4816\" alt=\"\" srcset=\"https:\/\/emanuelenargi.com\/wp-content\/uploads\/2023\/10\/dsc_5263-scaled-1-1024x682.webp 1024w, https:\/\/emanuelenargi.com\/wp-content\/uploads\/2023\/10\/dsc_5263-scaled-1-300x200.webp 300w, https:\/\/emanuelenargi.com\/wp-content\/uploads\/2023\/10\/dsc_5263-scaled-1-768x512.webp 768w, https:\/\/emanuelenargi.com\/wp-content\/uploads\/2023\/10\/dsc_5263-scaled-1-1536x1024.webp 1536w, https:\/\/emanuelenargi.com\/wp-content\/uploads\/2023\/10\/dsc_5263-scaled-1-2048x1365.webp 2048w\" sizes=\"(max-width: 1024px) 100vw, 1024px\" \/>\t\t\t\t\t\t\t\t\t\t\t\t\t\t\t<\/div>\n\t\t\t\t<\/div>\n\t\t\t\t<\/div>\n\t\t\t\t\t<\/div>\n\t\t\t\t<\/div>\n\t\t<div class=\"elementor-element elementor-element-3c9ae256 e-flex e-con-boxed e-con e-parent\" data-id=\"3c9ae256\" data-element_type=\"container\" data-e-type=\"container\" data-settings=\"{&quot;background_background&quot;:&quot;gradient&quot;}\">\n\t\t\t\t\t<div class=\"e-con-inner\">\n\t\t<div class=\"elementor-element elementor-element-4847eb5f e-con-full e-flex e-con e-child\" data-id=\"4847eb5f\" data-element_type=\"container\" data-e-type=\"container\">\n\t\t\t\t<div class=\"elementor-element elementor-element-61ff6527 elementor-widget__width-initial e-transform elementor-invisible elementor-widget elementor-widget-text-editor\" data-id=\"61ff6527\" data-element_type=\"widget\" data-e-type=\"widget\" data-settings=\"{&quot;_animation&quot;:&quot;fadeInDown&quot;,&quot;_transform_scale_effect_hover&quot;:{&quot;unit&quot;:&quot;px&quot;,&quot;size&quot;:1.1,&quot;sizes&quot;:[]},&quot;_transform_scale_effect_hover_tablet&quot;:{&quot;unit&quot;:&quot;px&quot;,&quot;size&quot;:&quot;&quot;,&quot;sizes&quot;:[]},&quot;_transform_scale_effect_hover_mobile&quot;:{&quot;unit&quot;:&quot;px&quot;,&quot;size&quot;:&quot;&quot;,&quot;sizes&quot;:[]}}\" data-widget_type=\"text-editor.default\">\n\t\t\t\t<div class=\"elementor-widget-container\">\n\t\t\t\t\t\t\t\t\t<p><a href=\"https:\/\/terre-moto.wixsite.com\/terremotoo\/all-cats-are-beautifull-acab\" target=\"_blank\" rel=\"noopener\">\u2192<b> ALL CATS ARE BEAUTIFUL<\/b><\/a><\/p>\t\t\t\t\t\t\t\t<\/div>\n\t\t\t\t<\/div>\n\t\t\t\t<div class=\"elementor-element elementor-element-4d007087 elementor-widget__width-initial elementor-widget-tablet__width-inherit elementor-invisible elementor-widget elementor-widget-image\" data-id=\"4d007087\" data-element_type=\"widget\" data-e-type=\"widget\" data-settings=\"{&quot;_animation&quot;:&quot;pulse&quot;}\" data-widget_type=\"image.default\">\n\t\t\t\t<div class=\"elementor-widget-container\">\n\t\t\t\t\t\t\t\t\t\t\t\t\t\t\t<img decoding=\"async\" width=\"1024\" height=\"683\" src=\"https:\/\/emanuelenargi.com\/wp-content\/uploads\/2023\/10\/64732879_2332616670350202_1841050513253072896_o-1-1024x683.jpg\" class=\"attachment-large size-large wp-image-4602\" alt=\"\" srcset=\"https:\/\/emanuelenargi.com\/wp-content\/uploads\/2023\/10\/64732879_2332616670350202_1841050513253072896_o-1-1024x683.jpg 1024w, https:\/\/emanuelenargi.com\/wp-content\/uploads\/2023\/10\/64732879_2332616670350202_1841050513253072896_o-1-300x200.jpg 300w, https:\/\/emanuelenargi.com\/wp-content\/uploads\/2023\/10\/64732879_2332616670350202_1841050513253072896_o-1-768x512.jpg 768w, https:\/\/emanuelenargi.com\/wp-content\/uploads\/2023\/10\/64732879_2332616670350202_1841050513253072896_o-1-1536x1024.jpg 1536w, https:\/\/emanuelenargi.com\/wp-content\/uploads\/2023\/10\/64732879_2332616670350202_1841050513253072896_o-1.jpg 2048w\" sizes=\"(max-width: 1024px) 100vw, 1024px\" \/>\t\t\t\t\t\t\t\t\t\t\t\t\t\t\t<\/div>\n\t\t\t\t<\/div>\n\t\t\t\t<\/div>\n\t\t\t\t<div class=\"elementor-element elementor-element-6d60a934 elementor-widget__width-initial animated-slow elementor-invisible elementor-widget elementor-widget-text-editor\" data-id=\"6d60a934\" data-element_type=\"widget\" data-e-type=\"widget\" data-settings=\"{&quot;_animation&quot;:&quot;fadeIn&quot;}\" data-widget_type=\"text-editor.default\">\n\t\t\t\t<div class=\"elementor-widget-container\">\n\t\t\t\t\t\t\t\t\t<p>\u00a0 \u00a0Lo spettacolo affronta la necessit\u00e0 di riflettere sulla condizione del lavoro sessuale da una prospettiva ampia e poetica. All Cats Are Beautiful rende accessibili al pubblico narrazioni solitamente messe a tacere da tab\u00f9 sociali, moralismo, interessi socioeconomici e stigmatizzazione.<\/p>\t\t\t\t\t\t\t\t<\/div>\n\t\t\t\t<\/div>\n\t\t\t\t\t<\/div>\n\t\t\t\t<\/div>\n\t\t<div class=\"elementor-element elementor-element-1a973d3e e-flex e-con-boxed e-con e-parent\" data-id=\"1a973d3e\" data-element_type=\"container\" data-e-type=\"container\" data-settings=\"{&quot;background_background&quot;:&quot;gradient&quot;}\">\n\t\t\t\t\t<div class=\"e-con-inner\">\n\t\t\t\t<div class=\"elementor-element elementor-element-5b126081 elementor-widget__width-initial animated-slow elementor-widget-tablet__width-initial elementor-invisible elementor-widget elementor-widget-text-editor\" data-id=\"5b126081\" data-element_type=\"widget\" data-e-type=\"widget\" data-settings=\"{&quot;_animation&quot;:&quot;fadeIn&quot;}\" data-widget_type=\"text-editor.default\">\n\t\t\t\t<div class=\"elementor-widget-container\">\n\t\t\t\t\t\t\t\t\t<p>\u00a0 \u00a0Compagnia di teatro immersivo. Esperienza teatrale liberamente ispirata a \u201cIl castello\u201d di Franz Kafka.<\/p>\t\t\t\t\t\t\t\t<\/div>\n\t\t\t\t<\/div>\n\t\t<div class=\"elementor-element elementor-element-6fb419af e-con-full e-flex e-con e-child\" data-id=\"6fb419af\" data-element_type=\"container\" data-e-type=\"container\">\n\t\t\t\t<div class=\"elementor-element elementor-element-657953a8 e-transform elementor-widget-tablet__width-initial elementor-invisible elementor-widget elementor-widget-text-editor\" data-id=\"657953a8\" data-element_type=\"widget\" data-e-type=\"widget\" data-settings=\"{&quot;_animation&quot;:&quot;fadeInDown&quot;,&quot;_transform_scale_effect_hover&quot;:{&quot;unit&quot;:&quot;px&quot;,&quot;size&quot;:1.1,&quot;sizes&quot;:[]},&quot;_transform_scale_effect_hover_tablet&quot;:{&quot;unit&quot;:&quot;px&quot;,&quot;size&quot;:&quot;&quot;,&quot;sizes&quot;:[]},&quot;_transform_scale_effect_hover_mobile&quot;:{&quot;unit&quot;:&quot;px&quot;,&quot;size&quot;:&quot;&quot;,&quot;sizes&quot;:[]}}\" data-widget_type=\"text-editor.default\">\n\t\t\t\t<div class=\"elementor-widget-container\">\n\t\t\t\t\t\t\t\t\t<p><a href=\"https:\/\/terre-moto.wixsite.com\/terremoto-english\" target=\"_blank\" rel=\"noopener\">\u2192 <b>TERREMOTO<\/b><\/a><\/p>\t\t\t\t\t\t\t\t<\/div>\n\t\t\t\t<\/div>\n\t\t\t\t<div class=\"elementor-element elementor-element-1b0a9276 elementor-widget-tablet__width-initial elementor-invisible elementor-widget elementor-widget-image\" data-id=\"1b0a9276\" data-element_type=\"widget\" data-e-type=\"widget\" data-settings=\"{&quot;_animation&quot;:&quot;pulse&quot;}\" data-widget_type=\"image.default\">\n\t\t\t\t<div class=\"elementor-widget-container\">\n\t\t\t\t\t\t\t\t\t\t\t\t\t\t\t<img loading=\"lazy\" decoding=\"async\" width=\"1024\" height=\"614\" src=\"https:\/\/emanuelenargi.com\/wp-content\/uploads\/2023\/10\/Screenshot-2023-10-26-at-11.00.50-e1698307511589-1024x614.png\" class=\"attachment-large size-large wp-image-4832\" alt=\"\" srcset=\"https:\/\/emanuelenargi.com\/wp-content\/uploads\/2023\/10\/Screenshot-2023-10-26-at-11.00.50-e1698307511589-1024x614.png 1024w, https:\/\/emanuelenargi.com\/wp-content\/uploads\/2023\/10\/Screenshot-2023-10-26-at-11.00.50-e1698307511589-300x180.png 300w, https:\/\/emanuelenargi.com\/wp-content\/uploads\/2023\/10\/Screenshot-2023-10-26-at-11.00.50-e1698307511589-768x461.png 768w, https:\/\/emanuelenargi.com\/wp-content\/uploads\/2023\/10\/Screenshot-2023-10-26-at-11.00.50-e1698307511589-1536x922.png 1536w, https:\/\/emanuelenargi.com\/wp-content\/uploads\/2023\/10\/Screenshot-2023-10-26-at-11.00.50-e1698307511589-2048x1229.png 2048w\" sizes=\"(max-width: 1024px) 100vw, 1024px\" \/>\t\t\t\t\t\t\t\t\t\t\t\t\t\t\t<\/div>\n\t\t\t\t<\/div>\n\t\t\t\t<\/div>\n\t\t\t\t\t<\/div>\n\t\t\t\t<\/div>\n\t\t<div class=\"elementor-element elementor-element-1d21fcca e-flex e-con-boxed e-con e-parent\" data-id=\"1d21fcca\" data-element_type=\"container\" data-e-type=\"container\" data-settings=\"{&quot;background_background&quot;:&quot;gradient&quot;}\">\n\t\t\t\t\t<div class=\"e-con-inner\">\n\t\t<div class=\"elementor-element elementor-element-43a2d3ff e-con-full e-flex e-con e-child\" data-id=\"43a2d3ff\" data-element_type=\"container\" data-e-type=\"container\">\n\t\t\t\t<div class=\"elementor-element elementor-element-bb56286 elementor-widget__width-initial e-transform elementor-invisible elementor-widget elementor-widget-text-editor\" data-id=\"bb56286\" data-element_type=\"widget\" data-e-type=\"widget\" data-settings=\"{&quot;_animation&quot;:&quot;fadeInDown&quot;,&quot;_transform_scale_effect_hover&quot;:{&quot;unit&quot;:&quot;px&quot;,&quot;size&quot;:1.1,&quot;sizes&quot;:[]},&quot;_transform_scale_effect_hover_tablet&quot;:{&quot;unit&quot;:&quot;px&quot;,&quot;size&quot;:&quot;&quot;,&quot;sizes&quot;:[]},&quot;_transform_scale_effect_hover_mobile&quot;:{&quot;unit&quot;:&quot;px&quot;,&quot;size&quot;:&quot;&quot;,&quot;sizes&quot;:[]}}\" data-widget_type=\"text-editor.default\">\n\t\t\t\t<div class=\"elementor-widget-container\">\n\t\t\t\t\t\t\t\t\t<p><a href=\"https:\/\/www.youtube.com\/watch?v=JGUiHtcjpPs\" target=\"_blank\" rel=\"noopener\">\u2192<b> IN GRIVITA<\/b><\/a><\/p>\t\t\t\t\t\t\t\t<\/div>\n\t\t\t\t<\/div>\n\t\t\t\t<div class=\"elementor-element elementor-element-591498b9 elementor-invisible elementor-widget elementor-widget-image\" data-id=\"591498b9\" data-element_type=\"widget\" data-e-type=\"widget\" data-settings=\"{&quot;_animation&quot;:&quot;pulse&quot;}\" data-widget_type=\"image.default\">\n\t\t\t\t<div class=\"elementor-widget-container\">\n\t\t\t\t\t\t\t\t\t\t\t\t\t\t\t<img loading=\"lazy\" decoding=\"async\" width=\"1024\" height=\"633\" src=\"https:\/\/emanuelenargi.com\/wp-content\/uploads\/2023\/10\/Screenshot-2023-10-26-at-11.17.42-1024x633.png\" class=\"attachment-large size-large wp-image-4840\" alt=\"\" srcset=\"https:\/\/emanuelenargi.com\/wp-content\/uploads\/2023\/10\/Screenshot-2023-10-26-at-11.17.42-1024x633.png 1024w, https:\/\/emanuelenargi.com\/wp-content\/uploads\/2023\/10\/Screenshot-2023-10-26-at-11.17.42-300x185.png 300w, https:\/\/emanuelenargi.com\/wp-content\/uploads\/2023\/10\/Screenshot-2023-10-26-at-11.17.42-768x475.png 768w, https:\/\/emanuelenargi.com\/wp-content\/uploads\/2023\/10\/Screenshot-2023-10-26-at-11.17.42-1536x949.png 1536w, https:\/\/emanuelenargi.com\/wp-content\/uploads\/2023\/10\/Screenshot-2023-10-26-at-11.17.42-2048x1266.png 2048w\" sizes=\"(max-width: 1024px) 100vw, 1024px\" \/>\t\t\t\t\t\t\t\t\t\t\t\t\t\t\t<\/div>\n\t\t\t\t<\/div>\n\t\t\t\t<\/div>\n\t\t\t\t<div class=\"elementor-element elementor-element-3c03f58d elementor-widget__width-initial animated-slow elementor-widget-tablet__width-initial elementor-invisible elementor-widget elementor-widget-text-editor\" data-id=\"3c03f58d\" data-element_type=\"widget\" data-e-type=\"widget\" data-settings=\"{&quot;_animation&quot;:&quot;fadeIn&quot;}\" data-widget_type=\"text-editor.default\">\n\t\t\t\t<div class=\"elementor-widget-container\">\n\t\t\t\t\t\t\t\t\t<p>\u00a0 \u00a0 \u00a0Il progetto \u201c\u00een Grivita\u201d ha documentato le storie del quartiere Calea Grivitei di Bucarest e ha portato a una performance immersiva a cui hanno partecipato pi\u00f9 di 500 spettatori, tenutasi per strada e presso il locale \u201cJ\u2019ai Bistrot\u201d.<\/p>\t\t\t\t\t\t\t\t<\/div>\n\t\t\t\t<\/div>\n\t\t\t\t\t<\/div>\n\t\t\t\t<\/div>\n\t\t<div class=\"elementor-element elementor-element-68150ab e-flex e-con-boxed e-con e-parent\" data-id=\"68150ab\" data-element_type=\"container\" data-e-type=\"container\" data-settings=\"{&quot;background_background&quot;:&quot;gradient&quot;}\">\n\t\t\t\t\t<div class=\"e-con-inner\">\n\t\t\t\t<div class=\"elementor-element elementor-element-17cfa413 elementor-widget__width-initial animated-slow elementor-widget-tablet__width-initial elementor-invisible elementor-widget elementor-widget-text-editor\" data-id=\"17cfa413\" data-element_type=\"widget\" data-e-type=\"widget\" data-settings=\"{&quot;_animation&quot;:&quot;fadeIn&quot;}\" data-widget_type=\"text-editor.default\">\n\t\t\t\t<div class=\"elementor-widget-container\">\n\t\t\t\t\t\t\t\t\t<p>\u00a0 \u00a0Spettacoli teatrali coinvolgenti che esplorano l\u2019impatto della disoccupazione sulla salute mentale, ispirandosi a \u201cStoria della follia nell\u2019et\u00e0 classica\u201d di Foucault. Ambientata su una nave che naviga attraverso periodi storici, dal Medioevo alle moderne crisi economiche, la pi\u00e8ce analizza le sfide della societ\u00e0, chiedendosi quali lezioni si possano trarre dalle ore pi\u00f9 buie dell\u2019Europa.<\/p>\t\t\t\t\t\t\t\t<\/div>\n\t\t\t\t<\/div>\n\t\t<div class=\"elementor-element elementor-element-6c888503 e-con-full e-flex e-con e-child\" data-id=\"6c888503\" data-element_type=\"container\" data-e-type=\"container\">\n\t\t\t\t<div class=\"elementor-element elementor-element-190393fb e-transform elementor-widget-tablet__width-initial elementor-invisible elementor-widget elementor-widget-text-editor\" data-id=\"190393fb\" data-element_type=\"widget\" data-e-type=\"widget\" data-settings=\"{&quot;_animation&quot;:&quot;fadeInDown&quot;,&quot;_transform_scale_effect_hover&quot;:{&quot;unit&quot;:&quot;px&quot;,&quot;size&quot;:1.1,&quot;sizes&quot;:[]},&quot;_transform_scale_effect_hover_tablet&quot;:{&quot;unit&quot;:&quot;px&quot;,&quot;size&quot;:&quot;&quot;,&quot;sizes&quot;:[]},&quot;_transform_scale_effect_hover_mobile&quot;:{&quot;unit&quot;:&quot;px&quot;,&quot;size&quot;:&quot;&quot;,&quot;sizes&quot;:[]}}\" data-widget_type=\"text-editor.default\">\n\t\t\t\t<div class=\"elementor-widget-container\">\n\t\t\t\t\t\t\t\t\t<p><a href=\"https:\/\/www.youtube.com\/@incauk7679\" target=\"_blank\" rel=\"noopener\">\u2192<\/a><strong><a href=\"https:\/\/www.youtube.com\/@incauk7679\" target=\"_blank\" rel=\"noopener\"> p45 &amp; SHIP OF FOOLS<\/a><\/strong><\/p>\t\t\t\t\t\t\t\t<\/div>\n\t\t\t\t<\/div>\n\t\t\t\t<div class=\"elementor-element elementor-element-7ffb7f21 elementor-widget__width-inherit elementor-invisible elementor-widget elementor-widget-image\" data-id=\"7ffb7f21\" data-element_type=\"widget\" data-e-type=\"widget\" data-settings=\"{&quot;_animation&quot;:&quot;pulse&quot;}\" data-widget_type=\"image.default\">\n\t\t\t\t<div class=\"elementor-widget-container\">\n\t\t\t\t\t\t\t\t\t\t\t\t\t\t\t<img loading=\"lazy\" decoding=\"async\" width=\"1024\" height=\"393\" src=\"https:\/\/emanuelenargi.com\/wp-content\/uploads\/2023\/11\/IMG_0006-1024x393.jpeg\" class=\"attachment-large size-large wp-image-5144\" alt=\"\" srcset=\"https:\/\/emanuelenargi.com\/wp-content\/uploads\/2023\/11\/IMG_0006-1024x393.jpeg 1024w, https:\/\/emanuelenargi.com\/wp-content\/uploads\/2023\/11\/IMG_0006-300x115.jpeg 300w, https:\/\/emanuelenargi.com\/wp-content\/uploads\/2023\/11\/IMG_0006-768x295.jpeg 768w, https:\/\/emanuelenargi.com\/wp-content\/uploads\/2023\/11\/IMG_0006-1536x589.jpeg 1536w, https:\/\/emanuelenargi.com\/wp-content\/uploads\/2023\/11\/IMG_0006-2048x785.jpeg 2048w\" sizes=\"(max-width: 1024px) 100vw, 1024px\" \/>\t\t\t\t\t\t\t\t\t\t\t\t\t\t\t<\/div>\n\t\t\t\t<\/div>\n\t\t\t\t<\/div>\n\t\t\t\t\t<\/div>\n\t\t\t\t<\/div>\n\t\t\t\t<\/div>\n\t\t","protected":false},"excerpt":{"rendered":"<p>\u2192 PORTE APERTE\u00a0 \u00a0 \u00a0 \u00a0Uno spettacolo immersivo che mette in scena contemporaneamente, in 14 stanze di un ex monastero, le dinamiche di potere tra sette personaggi. Gli spettatori scelgono quale personaggio seguire, esplorando le loro storie individuali. Uno spettacolo multidisciplinare che mescola teatro fisico, performance ed esperienze sensoriali, ispirandosi alle opere di Sciascia e &hellip;<\/p>\n<p class=\"read-more\"> <a class=\"\" href=\"https:\/\/emanuelenargi.com\/index.php\/it\/teatro-italiano\/portfolio-teatro-italiano\/regista-italiano\/\"> <span class=\"screen-reader-text\">REGISTA &#8211; Italiano<\/span> Read More &raquo;<\/a><\/p>\n","protected":false},"author":1,"featured_media":0,"parent":6603,"menu_order":0,"comment_status":"closed","ping_status":"closed","template":"","meta":{"site-sidebar-layout":"no-sidebar","site-content-layout":"page-builder","ast-site-content-layout":"full-width-container","site-content-style":"unboxed","site-sidebar-style":"unboxed","ast-global-header-display":"","ast-banner-title-visibility":"","ast-main-header-display":"","ast-hfb-above-header-display":"","ast-hfb-below-header-display":"","ast-hfb-mobile-header-display":"","site-post-title":"disabled","ast-breadcrumbs-content":"","ast-featured-img":"disabled","footer-sml-layout":"","theme-transparent-header-meta":"","adv-header-id-meta":"","stick-header-meta":"","header-above-stick-meta":"","header-main-stick-meta":"","header-below-stick-meta":"","astra-migrate-meta-layouts":"set","footnotes":""},"class_list":["post-6597","page","type-page","status-publish","hentry"],"aioseo_notices":[],"_links":{"self":[{"href":"https:\/\/emanuelenargi.com\/index.php\/wp-json\/wp\/v2\/pages\/6597","targetHints":{"allow":["GET"]}}],"collection":[{"href":"https:\/\/emanuelenargi.com\/index.php\/wp-json\/wp\/v2\/pages"}],"about":[{"href":"https:\/\/emanuelenargi.com\/index.php\/wp-json\/wp\/v2\/types\/page"}],"author":[{"embeddable":true,"href":"https:\/\/emanuelenargi.com\/index.php\/wp-json\/wp\/v2\/users\/1"}],"replies":[{"embeddable":true,"href":"https:\/\/emanuelenargi.com\/index.php\/wp-json\/wp\/v2\/comments?post=6597"}],"version-history":[{"count":134,"href":"https:\/\/emanuelenargi.com\/index.php\/wp-json\/wp\/v2\/pages\/6597\/revisions"}],"predecessor-version":[{"id":10845,"href":"https:\/\/emanuelenargi.com\/index.php\/wp-json\/wp\/v2\/pages\/6597\/revisions\/10845"}],"up":[{"embeddable":true,"href":"https:\/\/emanuelenargi.com\/index.php\/wp-json\/wp\/v2\/pages\/6603"}],"wp:attachment":[{"href":"https:\/\/emanuelenargi.com\/index.php\/wp-json\/wp\/v2\/media?parent=6597"}],"curies":[{"name":"wp","href":"https:\/\/api.w.org\/{rel}","templated":true}]}}